{"id":2201,"date":"2021-01-25T12:10:27","date_gmt":"2021-01-25T12:10:27","guid":{"rendered":"http:\/\/www.pontcysyllte-aqueduct.co.uk\/accessibility\/"},"modified":"2021-06-30T13:07:13","modified_gmt":"2021-06-30T12:07:13","slug":"accessibility","status":"publish","type":"page","link":"https:\/\/www.pontcysyllte-aqueduct.co.uk\/cy\/accessibility\/","title":{"rendered":"Hygyrchedd"},"content":{"rendered":"<p>[vc_row full_width=&#8221;stretch_row_content&#8221;][vc_column width=&#8221;1\/12&#8243;][\/vc_column][vc_column width=&#8221;5\/6&#8243;][vc_column_text]<\/p>\n<h2>Datganiad Hygyrchedd ar gyfer www.pontcysyllte-aqueduct.co.uk<\/h2>\n<h3>Ynghylch y wefan hon<\/h3>\n<p>Partneriaeth rhwng AHNE Bryniau Clwyd a Dyffryn Dyfrdwy, Twristiaeth Gogledd Ddwyrain Cymru ac Ymddiriedolaeth Camlesi ac Afonydd Cymru sy\u2019n gyfrifol am y wefan hon. Rydym yn awyddus i gynifer o bobl \u00e2 phosibl allu defnyddio&#8217;r wefan hon. Er enghraifft, mae hynny\u2019n golygu y dylech chi fod yn gallu:<\/p>\n<ul>\n<li>Closio i mewn hyd at 300% heb i\u2019r testun ddiflannu oddi ar y sgrin<\/li>\n<li>Llywio drwy\u2019r rhan fwyaf o&#8217;r wefan gan ddefnyddio bysellfwrdd yn unig<\/li>\n<li>Llywio drwy\u2019r rhan fwyaf o\u2019r wefan drwy ddefnyddio meddalwedd adnabod llais<\/li>\n<li>Gwrando ar y mwyafrif o\u2019r wefan gan ddefnyddio rhaglen darllen sgrin<\/li>\n<\/ul>\n<p>Rydym hefyd wedi sicrhau bod testun y wefan mor syml \u00e2 phosibl i\u2019w ddeall, ac rydym wedi defnyddio cynlluniau cyson i osgoi cymhlethdod.<\/p>\n<p><a href=\"https:\/\/mcmw.abilitynet.org.uk\" target=\"_blank\" rel=\"noopener noreferrer\">AbilityNet has advice on making your device easier to use if you have a disability.<\/a><br \/>\nGwefan allanol yw hon a bydd y ddolen yn agor mewn ffenestr newydd.<\/p>\n<h3>Pa mor hygyrch yw&#8217;r wefan hon<\/h3>\n<p>Rydym yn gwybod nad yw rhai rhannau o&#8217;r wefan hon yn gwbl hygyrch.<\/p>\n<ul>\n<li>Efallai na fydd y cynnwys a\u2019r ymarferoldeb a ddarperir gan gyflenwyr trydydd parti yn gwbl hygyrch.<\/li>\n<li>Nid yw rhai o\u2019n ffurflenni ar-lein yn gwbl hygyrch.<\/li>\n<li>Nid yw\u2019r rhan fwyaf o ddogfennau PDF h\u0177n yn gwbl hygyrch i dechnoleg gynorthwyol.<\/li>\n<li>Mae mapiau rhyngweithiol yn anodd eu llywio gan ddefnyddio bysellfwrdd yn unig.<\/li>\n<li>Nid yw mapiau rhyngweithiol yn cynnwys digon o fotymau gyda labeli a lliwiau sy\u2019n cyferbynnu.<\/li>\n<\/ul>\n<h3>Adborth a Manylion Cyswllt<\/h3>\n<p>Os oes arnoch angen gwybodaeth am y wefan hon mewn fformat gwahanol fel PDF hygyrch, print bras, neu fformat hawdd ei ddarllen, cysylltwch \u00e2 ni:<\/p>\n<p>E-bost:<br \/>\n<a href=\"mailto:pontcysyllte@wrexham.gov.uk\">pontcysyllte@wrexham.gov.uk<\/a><\/p>\n<p>Neu ysgrifennwch at:<br \/>\nSafle Treftadaeth y Byd Dyfrbont Dd\u0175r a Chamlas Pontcysyllte<br \/>\nAdran Tai a\u2019r Economi<br \/>\nFfordd Rhuthun<br \/>\nWrecsam<br \/>\nLL13 7TU<\/p>\n<p>Byddwn yn ystyried eich cais ac yn cysylltu \u00e2 chi ymhen 10 diwrnod.<\/p>\n<h3>Rhoi gwybod am broblemau hygyrchedd gyda\u2019r wefan hon<\/h3>\n<p>Rydym bob amser yn awyddus i wella hygyrchedd y wefan hon. Os dewch ar draws unrhyw broblemau nad ydynt wedi\u2019u rhestru ar y dudalen hon, neu os oes gennych unrhyw awgrymiadau ynghylch sut y gallwn wella hygyrchedd y wefan, cysylltwch \u00e2 th\u00eem Safle Treftadaeth y Byd Dyfrbont Dd\u0175r a Chamlas Pontcysyllte ar <a href=\"mailto:pontcysyllte@wrexham.gov.uk\">pontcysyllte@wrexham.gov.uk<\/a>.<\/p>\n<p>Os nad ydych yn hapus gyda sut rydym yn ymateb i\u2019ch cwyn, cysylltwch \u00e2\u2019r Gwasanaeth Cynghori a Chefnogi Cydraddoldeb (EASS). (<a href=\"http:\/\/eass-ws.custhelp.com\/app\/home\" target=\"_blank\" rel=\"noopener noreferrer\">http:\/\/eass-ws.custhelp.com\/app\/home<\/a>)<\/p>\n<h3>Statws Cydymffurfiaeth<\/h3>\n<p>Mae\u2019r wefan hon yn cydymffurfio\u2019n rhannol gyda safon AA <a href=\"https:\/\/www.w3.org\/TR\/WCAG21\/\" target=\"_blank\" rel=\"noopener noreferrer\">Web Content Accessibility Guidelines version 2.1<\/a> o ganlyniad i&#8217;r enghreifftiau nad ydynt yn cydymffurfio a restrir isod.<\/p>\n<h4>Cynnwys nad yw\u2019n hygyrch<\/h4>\n<p>Nid yw\u2019r cynnwys a restrir isod yn hygyrch am y rhesymau canlynol.<\/p>\n<p>Diffyg cydymffurfiaeth \u00e2\u2019r canllawiau hygyrchedd:<\/p>\n<ul>\n<li>Nid oes testun amgen ar gyfer rhai lluniau. Pan fyddwn yn cyhoeddi cynnwys newydd byddwn yn sicrhau bod ein holl luniau\u2019n bodloni\u2019r safonau hygyrchedd.<\/li>\n<li>Nid yw rhai o\u2019r lliwiau sy\u2019n cyferbynnu yn bodloni\u2019r gofynion hygyrchedd.<\/li>\n<li>Mae mapiau rhyngweithiol yn anodd eu llywio gan ddefnyddio bysellfwrdd.<\/li>\n<\/ul>\n<p>Baich anghymesur:<\/p>\n<ul>\n<li>Nid yw\u2019n rhai o\u2019n dogfennau PDF a Word h\u0177n yn bodloni safonau hygyrchedd. Wrth ystyried a allwn ddarparu\u2019r wybodaeth mewn fformat hygyrch, byddwn yn asesu:\n<ul>\n<li>Faint fyddai\u2019r gwaith yn ei gostio, a\u2019r effaith y byddai gwneud y gwaith yn ei gael arnom ni<\/li>\n<li>Faint o fudd a g\u00e2i defnyddwyr ag anableddau petaem ni\u2019n gwneud y gwaith\/li&gt;<\/li>\n<\/ul>\n<\/li>\n<li>Nid yw rhai meddalweddau trydydd parti yn bodloni safonau hygyrchedd. Rydym yn bwriadu gwneud diweddariadau hygyrchedd cyn gynted ag y byddant ar gael.<\/li>\n<\/ul>\n<h3>Beth rydym yn ei wneud i wella hygyrchedd<\/h3>\n<p>Gwneir gwelliannau hygyrchedd i\u2019r wefan hon yn barhaus, ac mae golygyddion cyfrannol yn dilyn dogfennaeth ar safonau hygyrchedd.<\/p>\n<h3>Paratoi\u2019r datganiad hygyrchedd hwn<\/h3>\n<p>Paratowyd y datganiad hwn ar 21 Mawrth 2021. Cafodd y datganiad ei adolygu ddiwethaf ar 21 Mawrth 2021.<\/p>\n<p>Cafodd y wefan hon ei phrofi ddiwethaf ar 21 Mawrth 2021. Gwnaed y prawf gan Artychoke.<\/p>\n<p>Defnyddiwyd y dull hwn i benderfynu ar sampl o dudalennau i\u2019w profi: Croestoriad o fathau o dudalennau, gyda lefel uchel o draffig ar y wefan.[\/vc_column_text][\/vc_column][vc_column width=&#8221;1\/12&#8243;][\/vc_column][\/vc_row]<\/p>\n","protected":false},"excerpt":{"rendered":"<div class=\"entry-summary\">\n[vc_row full_width=&#8221;stretch_row_content&#8221;][vc_column width=&#8221;1\/12&#8243;][\/vc_column][vc_column width=&#8221;5\/6&#8243;][vc_column_text] Datganiad Hygyrchedd ar gyfer www.pontcysyllte-aqueduct.co.uk Ynghylch y wefan hon Partneriaeth rhwng AHNE Bryniau Clwyd a Dyffryn Dyfrdwy, Twristiaeth Gogledd Ddwyrain Cymru ac Ymddiriedolaeth Camlesi ac Afonydd Cymru sy\u2019n gyfrifol am y wefan hon. Rydym yn awyddus&hellip;\n<\/div>\n<div class=\"link-more-container wp-block-button\"><a href=\"https:\/\/www.pontcysyllte-aqueduct.co.uk\/cy\/accessibility\/\" class=\"link-more wp-block-button__link\" aria-label=\"Parhau i ddarllen Hygyrchedd\">Parhau i Ddarllen<\/a><\/div>\n","protected":false},"author":1,"featured_media":0,"parent":0,"menu_order":0,"comment_status":"closed","ping_status":"closed","template":"templates\/no-intro.php","meta":{"_coblocks_attr":"","_coblocks_dimensions":"","_coblocks_responsive_height":"","_coblocks_accordion_ie_support":""},"yoast_head":"<!-- This site is optimized with the Yoast SEO plugin v20.13 - https:\/\/yoast.com\/wordpress\/plugins\/seo\/ -->\n<title>Hygyrchedd - Safle Treftadaeth y Byd Dyfrbont Pontcysyllte a\u2019r Gamlas<\/title>\n<meta name=\"description\" content=\"Accessibility policy for visitors to the Pontcysyllte Aqueduct and Trevor Canal World Heritage Site website.\" \/>\n<meta name=\"robots\" content=\"index, follow, max-snippet:-1, max-image-preview:large, max-video-preview:-1\" \/>\n<link rel=\"canonical\" href=\"https:\/\/www.pontcysyllte-aqueduct.co.uk\/cy\/accessibility\/\" \/>\n<meta property=\"og:locale\" content=\"cy_GB\" \/>\n<meta property=\"og:type\" content=\"article\" \/>\n<meta property=\"og:title\" content=\"Hygyrchedd - Safle Treftadaeth y Byd Dyfrbont Pontcysyllte a\u2019r Gamlas\" \/>\n<meta property=\"og:description\" content=\"Accessibility policy for visitors to the Pontcysyllte Aqueduct and Trevor Canal World Heritage Site website.\" \/>\n<meta property=\"og:url\" content=\"https:\/\/www.pontcysyllte-aqueduct.co.uk\/cy\/accessibility\/\" \/>\n<meta property=\"og:site_name\" content=\"Safle Treftadaeth y Byd Dyfrbont Pontcysyllte a\u2019r Gamlas\" \/>\n<meta property=\"article:modified_time\" content=\"2021-06-30T12:07:13+00:00\" \/>\n<meta name=\"twitter:card\" content=\"summary_large_image\" \/>\n<meta name=\"twitter:label1\" content=\"Est. reading time\" \/>\n\t<meta name=\"twitter:data1\" content=\"4 minutes\" \/>\n<script type=\"application\/ld+json\" class=\"yoast-schema-graph\">{\"@context\":\"https:\/\/schema.org\",\"@graph\":[{\"@type\":\"WebPage\",\"@id\":\"https:\/\/www.pontcysyllte-aqueduct.co.uk\/cy\/accessibility\/\",\"url\":\"https:\/\/www.pontcysyllte-aqueduct.co.uk\/cy\/accessibility\/\",\"name\":\"Hygyrchedd - Safle Treftadaeth y Byd Dyfrbont Pontcysyllte a\u2019r Gamlas\",\"isPartOf\":{\"@id\":\"https:\/\/www.pontcysyllte-aqueduct.co.uk\/cy\/#website\"},\"datePublished\":\"2021-01-25T12:10:27+00:00\",\"dateModified\":\"2021-06-30T12:07:13+00:00\",\"description\":\"Accessibility policy for visitors to the Pontcysyllte Aqueduct and Trevor Canal World Heritage Site website.\",\"breadcrumb\":{\"@id\":\"https:\/\/www.pontcysyllte-aqueduct.co.uk\/cy\/accessibility\/#breadcrumb\"},\"inLanguage\":\"cy-GB\",\"potentialAction\":[{\"@type\":\"ReadAction\",\"target\":[\"https:\/\/www.pontcysyllte-aqueduct.co.uk\/cy\/accessibility\/\"]}]},{\"@type\":\"BreadcrumbList\",\"@id\":\"https:\/\/www.pontcysyllte-aqueduct.co.uk\/cy\/accessibility\/#breadcrumb\",\"itemListElement\":[{\"@type\":\"ListItem\",\"position\":1,\"name\":\"Home\",\"item\":\"https:\/\/www.pontcysyllte-aqueduct.co.uk\/cy\/\"},{\"@type\":\"ListItem\",\"position\":2,\"name\":\"Hygyrchedd\"}]},{\"@type\":\"WebSite\",\"@id\":\"https:\/\/www.pontcysyllte-aqueduct.co.uk\/cy\/#website\",\"url\":\"https:\/\/www.pontcysyllte-aqueduct.co.uk\/cy\/\",\"name\":\"Safle Treftadaeth y Byd Dyfrbont Pontcysyllte a\u2019r Gamlas\",\"description\":\"Safle Treftadaeth y Byd Dyfrbont Pontcysyllte a\u2019r Gamlas\",\"potentialAction\":[{\"@type\":\"SearchAction\",\"target\":{\"@type\":\"EntryPoint\",\"urlTemplate\":\"https:\/\/www.pontcysyllte-aqueduct.co.uk\/cy\/?s={search_term_string}\"},\"query-input\":\"required name=search_term_string\"}],\"inLanguage\":\"cy-GB\"}]}<\/script>\n<!-- \/ Yoast SEO plugin. -->","yoast_head_json":{"title":"Hygyrchedd - Safle Treftadaeth y Byd Dyfrbont Pontcysyllte a\u2019r Gamlas","description":"Accessibility policy for visitors to the Pontcysyllte Aqueduct and Trevor Canal World Heritage Site website.","robots":{"index":"index","follow":"follow","max-snippet":"max-snippet:-1","max-image-preview":"max-image-preview:large","max-video-preview":"max-video-preview:-1"},"canonical":"https:\/\/www.pontcysyllte-aqueduct.co.uk\/cy\/accessibility\/","og_locale":"cy_GB","og_type":"article","og_title":"Hygyrchedd - Safle Treftadaeth y Byd Dyfrbont Pontcysyllte a\u2019r Gamlas","og_description":"Accessibility policy for visitors to the Pontcysyllte Aqueduct and Trevor Canal World Heritage Site website.","og_url":"https:\/\/www.pontcysyllte-aqueduct.co.uk\/cy\/accessibility\/","og_site_name":"Safle Treftadaeth y Byd Dyfrbont Pontcysyllte a\u2019r Gamlas","article_modified_time":"2021-06-30T12:07:13+00:00","twitter_card":"summary_large_image","twitter_misc":{"Est. reading time":"4 minutes"},"schema":{"@context":"https:\/\/schema.org","@graph":[{"@type":"WebPage","@id":"https:\/\/www.pontcysyllte-aqueduct.co.uk\/cy\/accessibility\/","url":"https:\/\/www.pontcysyllte-aqueduct.co.uk\/cy\/accessibility\/","name":"Hygyrchedd - Safle Treftadaeth y Byd Dyfrbont Pontcysyllte a\u2019r Gamlas","isPartOf":{"@id":"https:\/\/www.pontcysyllte-aqueduct.co.uk\/cy\/#website"},"datePublished":"2021-01-25T12:10:27+00:00","dateModified":"2021-06-30T12:07:13+00:00","description":"Accessibility policy for visitors to the Pontcysyllte Aqueduct and Trevor Canal World Heritage Site website.","breadcrumb":{"@id":"https:\/\/www.pontcysyllte-aqueduct.co.uk\/cy\/accessibility\/#breadcrumb"},"inLanguage":"cy-GB","potentialAction":[{"@type":"ReadAction","target":["https:\/\/www.pontcysyllte-aqueduct.co.uk\/cy\/accessibility\/"]}]},{"@type":"BreadcrumbList","@id":"https:\/\/www.pontcysyllte-aqueduct.co.uk\/cy\/accessibility\/#breadcrumb","itemListElement":[{"@type":"ListItem","position":1,"name":"Home","item":"https:\/\/www.pontcysyllte-aqueduct.co.uk\/cy\/"},{"@type":"ListItem","position":2,"name":"Hygyrchedd"}]},{"@type":"WebSite","@id":"https:\/\/www.pontcysyllte-aqueduct.co.uk\/cy\/#website","url":"https:\/\/www.pontcysyllte-aqueduct.co.uk\/cy\/","name":"Safle Treftadaeth y Byd Dyfrbont Pontcysyllte a\u2019r Gamlas","description":"Safle Treftadaeth y Byd Dyfrbont Pontcysyllte a\u2019r Gamlas","potentialAction":[{"@type":"SearchAction","target":{"@type":"EntryPoint","urlTemplate":"https:\/\/www.pontcysyllte-aqueduct.co.uk\/cy\/?s={search_term_string}"},"query-input":"required name=search_term_string"}],"inLanguage":"cy-GB"}]}},"_links":{"self":[{"href":"https:\/\/www.pontcysyllte-aqueduct.co.uk\/cy\/wp-json\/wp\/v2\/pages\/2201"}],"collection":[{"href":"https:\/\/www.pontcysyllte-aqueduct.co.uk\/cy\/wp-json\/wp\/v2\/pages"}],"about":[{"href":"https:\/\/www.pontcysyllte-aqueduct.co.uk\/cy\/wp-json\/wp\/v2\/types\/page"}],"author":[{"embeddable":true,"href":"https:\/\/www.pontcysyllte-aqueduct.co.uk\/cy\/wp-json\/wp\/v2\/users\/1"}],"replies":[{"embeddable":true,"href":"https:\/\/www.pontcysyllte-aqueduct.co.uk\/cy\/wp-json\/wp\/v2\/comments?post=2201"}],"version-history":[{"count":6,"href":"https:\/\/www.pontcysyllte-aqueduct.co.uk\/cy\/wp-json\/wp\/v2\/pages\/2201\/revisions"}],"predecessor-version":[{"id":3027,"href":"https:\/\/www.pontcysyllte-aqueduct.co.uk\/cy\/wp-json\/wp\/v2\/pages\/2201\/revisions\/3027"}],"wp:attachment":[{"href":"https:\/\/www.pontcysyllte-aqueduct.co.uk\/cy\/wp-json\/wp\/v2\/media?parent=2201"}],"curies":[{"name":"wp","href":"https:\/\/api.w.org\/{rel}","templated":true}]}}