{"id":1890,"date":"2020-12-01T11:59:52","date_gmt":"2020-12-01T11:59:52","guid":{"rendered":"http:\/\/www.pontcysyllte-aqueduct.co.uk\/world-heritage-status\/partners\/"},"modified":"2021-06-30T10:23:40","modified_gmt":"2021-06-30T09:23:40","slug":"partners","status":"publish","type":"page","link":"https:\/\/www.pontcysyllte-aqueduct.co.uk\/cy\/world-heritage-status\/partners\/","title":{"rendered":"Partneriaid"},"content":{"rendered":"<p>[vc_row full_width=&#8221;stretch_row_content&#8221;][vc_column width=&#8221;1\/12&#8243;][\/vc_column][vc_column width=&#8221;5\/6&#8243;][vc_column_text]<\/p>\n<blockquote class=\"wp-block-quote has-text-align-center is-style-large alt-entry-title-lg\" style=\"color: #222222;\"><p>Mae\u2019r safle Treftadaeth y Byd o dan reolaeth nifer o sefydliadau sy\u2019n gweithio mewn partneriaeth i Ddarparu, i Amddiffyn, Cadw a Hyrwyddo ei Werth Cyffredinol Eithriadol.<\/p><\/blockquote>\n<p>[\/vc_column_text]<div class=\"ult-spacer spacer-69f2dd2d4edfe\" data-id=\"69f2dd2d4edfe\" data-height=\"50\" data-height-mobile=\"50\" data-height-tab=\"50\" data-height-tab-portrait=\"\" data-height-mobile-landscape=\"\" style=\"clear:both;display:block;\"><\/div>[\/vc_column][vc_column width=&#8221;1\/12&#8243;][\/vc_column][\/vc_row][vc_row full_width=&#8221;stretch_row_content&#8221;][vc_column width=&#8221;1\/12&#8243;][\/vc_column][vc_column width=&#8221;5\/6&#8243;][vc_row_inner content_placement=&#8221;top&#8221; css=&#8221;.vc_custom_1607619482326{padding-top: 40px !important;padding-right: 40px !important;padding-bottom: 40px !important;padding-left: 40px !important;background-color: #f5f5f5 !important;}&#8221;][vc_column_inner][vc_column_text]<\/p>\n<h2 class=\"alt-entry-title\">Cymdeithas Cymuned y Dyfrbont Dd\u0175r<br \/>\n<span style=\"font-weight: 300;\">Yn cefnogi cymunedau Trefor, Garth a Froncysyllte.<\/span><\/h2>\n<p><span style=\"color: #000000;\">Mae Cymdeithas Cymuned y Dyfrbont Dd\u0175r yn cynnwys cynrychiolwyr gwirfoddol o gymunedau pentrefi Trefor, Garth a Froncysyllte. Rydym hefyd yn gweithio gyda Bwrdd Safle Treftadaeth y Byd a Grwpiau Darparu i gefnogi ein hamcan o wella\u2019r gymuned leol ar gyfer pobl leol.<\/span><\/p>\n<p><span style=\"color: #000000;\">Rydym yn cynnal ystod o brosiectau, o welliannau amgylcheddol i helpu yn y maes parcio ychwanegol ym Masn Trefor yn ystod tymor yr ymwelwyr.<\/span>[\/vc_column_text][\/vc_column_inner][\/vc_row_inner]<div class=\"ult-spacer spacer-69f2dd2d4ee65\" data-id=\"69f2dd2d4ee65\" data-height=\"80\" data-height-mobile=\"80\" data-height-tab=\"80\" data-height-tab-portrait=\"\" data-height-mobile-landscape=\"\" style=\"clear:both;display:block;\"><\/div>[\/vc_column][vc_column width=&#8221;1\/12&#8243;][\/vc_column][\/vc_row][vc_row full_width=&#8221;stretch_row_content&#8221;][vc_column width=&#8221;1\/12&#8243;][\/vc_column][vc_column width=&#8221;5\/6&#8243;][vc_row_inner content_placement=&#8221;top&#8221;][vc_column_inner width=&#8221;1\/4&#8243;][vc_single_image image=&#8221;1577&#8243; img_size=&#8221;full&#8221; alignment=&#8221;center&#8221;][\/vc_column_inner][vc_column_inner width=&#8221;3\/4&#8243;][vc_column_text]<\/p>\n<h2 class=\"alt-entry-title\">Gland\u0175r Cymru<br \/>\n<span style=\"font-weight: 300;\">Mae Gland\u0175r Cymru yn gofalu am 2,000 o gamlesi ac afonydd ledled Cymru a Lloegr.<\/span><\/h2>\n<p>Credwn fod gan ddyfrffyrdd y p\u0175er i wneud gwahaniaeth i fywydau pobl ac y gall treulio amser ar dd\u0175r ein gwneud ni i gyd yn iachach ac yn hapusach. Drwy ddod \u00e2 chymunedau ynghyd i wneud gwahaniaeth i&#8217;w dyfrffordd leol, rydym yn creu lleoedd a gofodau y gall pawb eu defnyddio a&#8217;u mwynhau, bob dydd.[\/vc_column_text][vc_btn title=&#8221;GLAND\u0174R CYMRU&#8221; style=&#8221;flat&#8221; shape=&#8221;square&#8221; color=&#8221;black&#8221; link=&#8221;url:https%3A%2F%2Fcanalrivertrust.org.uk%2Fwales|target:_blank&#8221; css=&#8221;.vc_custom_1611143169961{margin-right: 34px !important;}&#8221;][vc_btn title=&#8221;GWIRFODDOLI I NI&#8221; style=&#8221;flat&#8221; shape=&#8221;square&#8221; color=&#8221;black&#8221; link=&#8221;url:https%3A%2F%2Fcanalrivertrust.org.uk%2Fvolunteer|target:_blank&#8221; css=&#8221;.vc_custom_1611143205925{margin-right: 34px !important;}&#8221;][\/vc_column_inner][\/vc_row_inner]<div class=\"ult-spacer spacer-69f2dd2d4eeb9\" data-id=\"69f2dd2d4eeb9\" data-height=\"25\" data-height-mobile=\"25\" data-height-tab=\"25\" data-height-tab-portrait=\"\" data-height-mobile-landscape=\"\" style=\"clear:both;display:block;\"><\/div>[vc_separator]<div class=\"ult-spacer spacer-69f2dd2d4ef03\" data-id=\"69f2dd2d4ef03\" data-height=\"25\" data-height-mobile=\"25\" data-height-tab=\"25\" data-height-tab-portrait=\"\" data-height-mobile-landscape=\"\" style=\"clear:both;display:block;\"><\/div>[\/vc_column][vc_column width=&#8221;1\/12&#8243;][\/vc_column][\/vc_row][vc_row full_width=&#8221;stretch_row_content&#8221;][vc_column width=&#8221;1\/12&#8243;][\/vc_column][vc_column width=&#8221;5\/6&#8243;][vc_row_inner content_placement=&#8221;top&#8221;][vc_column_inner width=&#8221;1\/4&#8243;][vc_single_image image=&#8221;1592&#8243; img_size=&#8221;medium&#8221; alignment=&#8221;center&#8221; css=&#8221;.vc_custom_1607622458398{margin-right: 20px !important;margin-left: 20px !important;}&#8221;][\/vc_column_inner][vc_column_inner width=&#8221;3\/4&#8243;][vc_column_text]<\/p>\n<h2 class=\"alt-entry-title\">Bryniau Clwyd a Dyffryn Dyfrdwy Ardal o Harddwch Naturiol Eithriadol<br \/>\n<span style=\"font-weight: 300;\">The backdrop to the World Heritage Site<\/span><\/h2>\n<p>Mae Ardal o Harddwch Naturiol Eithriadol Bryniau Clwyd a Dyffryn Dyfrdwy yn cynnwys ffin ucheldir dramatig Gogledd Cymru, un o uchafbwyntiau golygfaol ysgytiol Prydain.<\/p>\n<p>Mae\u2019n cynnwys rhai o dirweddau mwyaf anhygoel y DU ac, fel y byddech yn ei ddisgwyl \u2013 mae\u2019n eithriadol o hardd! Cewch hyd i gadwyni nodweddiadol o gopaon wedi\u2019u gorchuddio \u00e2 grug porffor, ac arnynt rai o fryngaerau mwyaf dramatig Prydain.<\/p>\n<p>Mae\u2019r AHNE yn cwmpasu 390 cilomedr sgw\u00e2r o ben bryniau gwyntog, rhostir grug, creigiau calchfaen a dyffrynnoedd coediog, bron yn cyffwrdd yr arfordir yng ngogledd Bryn Prestatyn ac yn ymestyn tua\u2019r de at Foel Famau, gyda phwynt uchaf yr AHNE yn 630 metr.<\/p>\n<p>Dan fynyddoedd mawreddog yn croesi Bwlch yr Oernant, mae Dyffryn Dyfrdwy yn ymdroelli drwy dref hanesyddol Llangollen, lle mae Cymru yn croesawu\u2019r byd yn yr Eisteddfod Ryngwladol.<\/p>\n<p>Mae\u2019r rhan fwyaf o Safle Treftadaeth y Byd Dyfrbont Dd\u0175r a Chamlas Pontcysyllte yn rhedeg drwy dirwedd eithriadol Dyffryn Dyfrdwy yng nghysgod y darren Eglwyseg ysblennydd a\u2019r adfeilion ar ben bryn prydferth Castell Dinas Br\u00e2n.<\/p>\n<p>Heb ei darganfod gan lawer, ac eto yn hawdd i\u2019w harchwilio, mae\u2019r dirwedd odidog hon yn cynnig treftadaeth diddorol, diwylliant lliwgar, a\u2019r croeso cynhesaf.[\/vc_column_text][vc_btn title=&#8221;DARGANFOD AHNE&#8221; style=&#8221;flat&#8221; shape=&#8221;square&#8221; color=&#8221;black&#8221; link=&#8221;url:https%3A%2F%2Fwww.clwydianrangeanddeevalleyaonb.org.uk%2F%3Flang%3Dcy|target:_blank&#8221; css=&#8221;.vc_custom_1611143579768{margin-right: 34px !important;}&#8221;][\/vc_column_inner][\/vc_row_inner]<div class=\"ult-spacer spacer-69f2dd2d4ef49\" data-id=\"69f2dd2d4ef49\" data-height=\"25\" data-height-mobile=\"25\" data-height-tab=\"25\" data-height-tab-portrait=\"\" data-height-mobile-landscape=\"\" style=\"clear:both;display:block;\"><\/div>[vc_separator]<div class=\"ult-spacer spacer-69f2dd2d4ef97\" data-id=\"69f2dd2d4ef97\" data-height=\"25\" data-height-mobile=\"25\" data-height-tab=\"25\" data-height-tab-portrait=\"\" data-height-mobile-landscape=\"\" style=\"clear:both;display:block;\"><\/div>[\/vc_column][vc_column width=&#8221;1\/12&#8243;][\/vc_column][\/vc_row][vc_row full_width=&#8221;stretch_row_content&#8221;][vc_column width=&#8221;1\/12&#8243;][\/vc_column][vc_column width=&#8221;5\/6&#8243;][vc_row_inner content_placement=&#8221;top&#8221;][vc_column_inner width=&#8221;1\/4&#8243;][vc_single_image image=&#8221;2492&#8243; img_size=&#8221;medium&#8221; alignment=&#8221;center&#8221; css=&#8221;.vc_custom_1618228209485{margin-right: 30px !important;margin-left: 30px !important;}&#8221;][\/vc_column_inner][vc_column_inner width=&#8221;3\/4&#8243;][vc_column_text]<\/p>\n<h2 class=\"alt-entry-title\">Ein Tirlun Darluniadwy<br \/>\n<span style=\"font-weight: 300;\">Prosiect Partneriaeth Tirwedd<\/span><\/h2>\n<p>Mae ein Tirlun Darluniadwy yn brosiect newydd cyffroes sydd wedi\u2019i ganoli ar dirwedd Dyffryn Dyfrdwy a Safle Treftadaeth Byd Dyfrbont a Chamlas Pontcysyllte. Y mae yn cynnwys them\u00e2u\u2019r teithiau ysbrydoledig sydd wedi ac yn parhau i fod yn nodwedd o\u2019r ardal sydd yn cael ei dorri gan y gamlas, A5 Telford a\u2019r Afon Dyfrdwy. Mae ymwelwyr wedi dwyn ysbrydoliaeth o\u2019r dyffryn hardd hwn mewn celf a barddoniaeth ers y 18fed ganrif, ac y mae yn parhau i ddenu ymwelwyr sy\u2019n chwilio am yr aruchel.[\/vc_column_text][vc_btn title=&#8221;AMLINELLIAD PROSIECT CRYNO&#8221; style=&#8221;flat&#8221; shape=&#8221;square&#8221; color=&#8221;black&#8221; link=&#8221;url:http%3A%2F%2Fpontcysyllte.artychoke.com%2Fwp-content%2Fuploads%2F2020%2F12%2FProject-Summary.pdf|target:_blank&#8221; css=&#8221;.vc_custom_1611143734969{margin-right: 34px !important;}&#8221;][\/vc_column_inner][\/vc_row_inner]<div class=\"ult-spacer spacer-69f2dd2d4efdb\" data-id=\"69f2dd2d4efdb\" data-height=\"25\" data-height-mobile=\"25\" data-height-tab=\"25\" data-height-tab-portrait=\"\" data-height-mobile-landscape=\"\" style=\"clear:both;display:block;\"><\/div>[vc_separator]<div class=\"ult-spacer spacer-69f2dd2d4f01e\" data-id=\"69f2dd2d4f01e\" data-height=\"25\" data-height-mobile=\"25\" data-height-tab=\"25\" data-height-tab-portrait=\"\" data-height-mobile-landscape=\"\" style=\"clear:both;display:block;\"><\/div>[\/vc_column][vc_column width=&#8221;1\/12&#8243;][\/vc_column][\/vc_row][vc_row full_width=&#8221;stretch_row_content&#8221;][vc_column width=&#8221;1\/12&#8243;][\/vc_column][vc_column width=&#8221;5\/6&#8243;][vc_row_inner content_placement=&#8221;top&#8221;][vc_column_inner width=&#8221;1\/4&#8243;][vc_single_image image=&#8221;1589&#8243; img_size=&#8221;medium&#8221; alignment=&#8221;center&#8221;][\/vc_column_inner][vc_column_inner width=&#8221;3\/4&#8243;][vc_column_text]<\/p>\n<h2 class=\"alt-entry-title\">Byd Awyr Agored Sir Amwythig<br \/>\n<span style=\"font-weight: 300;\">Darganfyddwch be sydd gan Sir Amwythig i\u2019w gynnig o dirluniau arbennig, cefn gwlad godidog, i brofiadau a gweithgareddau awyr agored.<\/span><\/h2>\n<p>Gwasanaeth Partneriaethau Awyr Agored Swydd Amwythig yw\u2019r rhan o Gyngor Swydd Amwythig sy\u2019n cynnal a chadw a datblygu mynediad hamdden, sy\u2019n gwarchod ac yn gwella&#8217;r amgylchedd naturiol ac yn annog pobl i wella eu lles drwy fod yn egn\u00efol yn yr awyr agored.[\/vc_column_text][vc_btn title=&#8221;EWCH I WEFAN BYD AWYR AGORED SIR AMWYTHIG&#8221; style=&#8221;flat&#8221; shape=&#8221;square&#8221; color=&#8221;black&#8221; link=&#8221;url:http%3A%2F%2Fwww.shropshiresgreatoutdoors.co.uk%2F|target:_blank&#8221; css=&#8221;.vc_custom_1611143859701{margin-right: 34px !important;}&#8221;][\/vc_column_inner][\/vc_row_inner]<div class=\"ult-spacer spacer-69f2dd2d4f05f\" data-id=\"69f2dd2d4f05f\" data-height=\"25\" data-height-mobile=\"25\" data-height-tab=\"25\" data-height-tab-portrait=\"\" data-height-mobile-landscape=\"\" style=\"clear:both;display:block;\"><\/div>[\/vc_column][vc_column width=&#8221;1\/12&#8243;][\/vc_column][\/vc_row][vc_row full_width=&#8221;stretch_row_content_no_spaces&#8221; css=&#8221;.vc_custom_1607619254418{margin-bottom: -100px !important;padding-bottom: 0px !important;}&#8221;][vc_column css=&#8221;.vc_custom_1607619275635{padding-top: 0px !important;}&#8221;][vc_single_image image=&#8221;801&#8243; img_size=&#8221;full&#8221; alignment=&#8221;center&#8221; css=&#8221;.vc_custom_1607619308033{margin-bottom: 0px !important;}&#8221;][\/vc_column][\/vc_row]<\/p>\n","protected":false},"excerpt":{"rendered":"<div class=\"entry-summary\">\nCadw 11 milltir o\u2019r Safle Treftadaeth y Byd yn drawiadol\n<\/div>\n<div class=\"link-more-container wp-block-button\"><a href=\"https:\/\/www.pontcysyllte-aqueduct.co.uk\/cy\/world-heritage-status\/partners\/\" class=\"link-more wp-block-button__link\" aria-label=\"Parhau i ddarllen Partneriaid\">Parhau i Ddarllen<\/a><\/div>\n","protected":false},"author":2,"featured_media":1341,"parent":1892,"menu_order":0,"comment_status":"closed","ping_status":"closed","template":"","meta":{"_coblocks_attr":"","_coblocks_dimensions":"","_coblocks_responsive_height":"","_coblocks_accordion_ie_support":""},"yoast_head":"<!-- This site is optimized with the Yoast SEO plugin v20.13 - https:\/\/yoast.com\/wordpress\/plugins\/seo\/ -->\n<title>Partneriaid - Safle Treftadaeth y Byd Dyfrbont Pontcysyllte a\u2019r Gamlas<\/title>\n<meta name=\"description\" content=\"The World Heritage site is managed by a range of organisations working in partnership to Protect, Preserve and Promote its Outstanding Universal Value.\" \/>\n<meta name=\"robots\" content=\"index, follow, max-snippet:-1, max-image-preview:large, max-video-preview:-1\" \/>\n<link rel=\"canonical\" href=\"https:\/\/www.pontcysyllte-aqueduct.co.uk\/cy\/world-heritage-status\/partners\/\" \/>\n<meta property=\"og:locale\" content=\"cy_GB\" \/>\n<meta property=\"og:type\" content=\"article\" \/>\n<meta property=\"og:title\" content=\"Partneriaid - Safle Treftadaeth y Byd Dyfrbont Pontcysyllte a\u2019r Gamlas\" \/>\n<meta property=\"og:description\" content=\"The World Heritage site is managed by a range of organisations working in partnership to Protect, Preserve and Promote its Outstanding Universal Value.\" \/>\n<meta property=\"og:url\" content=\"https:\/\/www.pontcysyllte-aqueduct.co.uk\/cy\/world-heritage-status\/partners\/\" \/>\n<meta property=\"og:site_name\" content=\"Safle Treftadaeth y Byd Dyfrbont Pontcysyllte a\u2019r Gamlas\" \/>\n<meta property=\"article:modified_time\" content=\"2021-06-30T09:23:40+00:00\" \/>\n<meta property=\"og:image\" content=\"https:\/\/www.pontcysyllte-aqueduct.co.uk\/wp-content\/uploads\/2020\/12\/View-of-Horseshoe-Falls.jpg\" \/>\n\t<meta property=\"og:image:width\" content=\"2048\" \/>\n\t<meta property=\"og:image:height\" content=\"925\" \/>\n\t<meta property=\"og:image:type\" content=\"image\/jpeg\" \/>\n<meta name=\"twitter:card\" content=\"summary_large_image\" \/>\n<meta name=\"twitter:label1\" content=\"Est. reading time\" \/>\n\t<meta name=\"twitter:data1\" content=\"6 minutes\" \/>\n<script type=\"application\/ld+json\" class=\"yoast-schema-graph\">{\"@context\":\"https:\/\/schema.org\",\"@graph\":[{\"@type\":\"WebPage\",\"@id\":\"https:\/\/www.pontcysyllte-aqueduct.co.uk\/cy\/world-heritage-status\/partners\/\",\"url\":\"https:\/\/www.pontcysyllte-aqueduct.co.uk\/cy\/world-heritage-status\/partners\/\",\"name\":\"Partneriaid - Safle Treftadaeth y Byd Dyfrbont Pontcysyllte a\u2019r Gamlas\",\"isPartOf\":{\"@id\":\"https:\/\/www.pontcysyllte-aqueduct.co.uk\/cy\/#website\"},\"datePublished\":\"2020-12-01T11:59:52+00:00\",\"dateModified\":\"2021-06-30T09:23:40+00:00\",\"description\":\"The World Heritage site is managed by a range of organisations working in partnership to Protect, Preserve and Promote its Outstanding Universal Value.\",\"breadcrumb\":{\"@id\":\"https:\/\/www.pontcysyllte-aqueduct.co.uk\/cy\/world-heritage-status\/partners\/#breadcrumb\"},\"inLanguage\":\"cy-GB\",\"potentialAction\":[{\"@type\":\"ReadAction\",\"target\":[\"https:\/\/www.pontcysyllte-aqueduct.co.uk\/cy\/world-heritage-status\/partners\/\"]}]},{\"@type\":\"BreadcrumbList\",\"@id\":\"https:\/\/www.pontcysyllte-aqueduct.co.uk\/cy\/world-heritage-status\/partners\/#breadcrumb\",\"itemListElement\":[{\"@type\":\"ListItem\",\"position\":1,\"name\":\"Home\",\"item\":\"https:\/\/www.pontcysyllte-aqueduct.co.uk\/cy\/\"},{\"@type\":\"ListItem\",\"position\":2,\"name\":\"Statws Treftadaeth y Byd\",\"item\":\"https:\/\/www.pontcysyllte-aqueduct.co.uk\/cy\/world-heritage-status\/\"},{\"@type\":\"ListItem\",\"position\":3,\"name\":\"Partneriaid\"}]},{\"@type\":\"WebSite\",\"@id\":\"https:\/\/www.pontcysyllte-aqueduct.co.uk\/cy\/#website\",\"url\":\"https:\/\/www.pontcysyllte-aqueduct.co.uk\/cy\/\",\"name\":\"Safle Treftadaeth y Byd Dyfrbont Pontcysyllte a\u2019r Gamlas\",\"description\":\"Safle Treftadaeth y Byd Dyfrbont Pontcysyllte a\u2019r Gamlas\",\"potentialAction\":[{\"@type\":\"SearchAction\",\"target\":{\"@type\":\"EntryPoint\",\"urlTemplate\":\"https:\/\/www.pontcysyllte-aqueduct.co.uk\/cy\/?s={search_term_string}\"},\"query-input\":\"required name=search_term_string\"}],\"inLanguage\":\"cy-GB\"}]}<\/script>\n<!-- \/ Yoast SEO plugin. -->","yoast_head_json":{"title":"Partneriaid - Safle Treftadaeth y Byd Dyfrbont Pontcysyllte a\u2019r Gamlas","description":"The World Heritage site is managed by a range of organisations working in partnership to Protect, Preserve and Promote its Outstanding Universal Value.","robots":{"index":"index","follow":"follow","max-snippet":"max-snippet:-1","max-image-preview":"max-image-preview:large","max-video-preview":"max-video-preview:-1"},"canonical":"https:\/\/www.pontcysyllte-aqueduct.co.uk\/cy\/world-heritage-status\/partners\/","og_locale":"cy_GB","og_type":"article","og_title":"Partneriaid - Safle Treftadaeth y Byd Dyfrbont Pontcysyllte a\u2019r Gamlas","og_description":"The World Heritage site is managed by a range of organisations working in partnership to Protect, Preserve and Promote its Outstanding Universal Value.","og_url":"https:\/\/www.pontcysyllte-aqueduct.co.uk\/cy\/world-heritage-status\/partners\/","og_site_name":"Safle Treftadaeth y Byd Dyfrbont Pontcysyllte a\u2019r Gamlas","article_modified_time":"2021-06-30T09:23:40+00:00","og_image":[{"width":2048,"height":925,"url":"https:\/\/www.pontcysyllte-aqueduct.co.uk\/wp-content\/uploads\/2020\/12\/View-of-Horseshoe-Falls.jpg","type":"image\/jpeg"}],"twitter_card":"summary_large_image","twitter_misc":{"Est. reading time":"6 minutes"},"schema":{"@context":"https:\/\/schema.org","@graph":[{"@type":"WebPage","@id":"https:\/\/www.pontcysyllte-aqueduct.co.uk\/cy\/world-heritage-status\/partners\/","url":"https:\/\/www.pontcysyllte-aqueduct.co.uk\/cy\/world-heritage-status\/partners\/","name":"Partneriaid - Safle Treftadaeth y Byd Dyfrbont Pontcysyllte a\u2019r Gamlas","isPartOf":{"@id":"https:\/\/www.pontcysyllte-aqueduct.co.uk\/cy\/#website"},"datePublished":"2020-12-01T11:59:52+00:00","dateModified":"2021-06-30T09:23:40+00:00","description":"The World Heritage site is managed by a range of organisations working in partnership to Protect, Preserve and Promote its Outstanding Universal Value.","breadcrumb":{"@id":"https:\/\/www.pontcysyllte-aqueduct.co.uk\/cy\/world-heritage-status\/partners\/#breadcrumb"},"inLanguage":"cy-GB","potentialAction":[{"@type":"ReadAction","target":["https:\/\/www.pontcysyllte-aqueduct.co.uk\/cy\/world-heritage-status\/partners\/"]}]},{"@type":"BreadcrumbList","@id":"https:\/\/www.pontcysyllte-aqueduct.co.uk\/cy\/world-heritage-status\/partners\/#breadcrumb","itemListElement":[{"@type":"ListItem","position":1,"name":"Home","item":"https:\/\/www.pontcysyllte-aqueduct.co.uk\/cy\/"},{"@type":"ListItem","position":2,"name":"Statws Treftadaeth y Byd","item":"https:\/\/www.pontcysyllte-aqueduct.co.uk\/cy\/world-heritage-status\/"},{"@type":"ListItem","position":3,"name":"Partneriaid"}]},{"@type":"WebSite","@id":"https:\/\/www.pontcysyllte-aqueduct.co.uk\/cy\/#website","url":"https:\/\/www.pontcysyllte-aqueduct.co.uk\/cy\/","name":"Safle Treftadaeth y Byd Dyfrbont Pontcysyllte a\u2019r Gamlas","description":"Safle Treftadaeth y Byd Dyfrbont Pontcysyllte a\u2019r Gamlas","potentialAction":[{"@type":"SearchAction","target":{"@type":"EntryPoint","urlTemplate":"https:\/\/www.pontcysyllte-aqueduct.co.uk\/cy\/?s={search_term_string}"},"query-input":"required name=search_term_string"}],"inLanguage":"cy-GB"}]}},"_links":{"self":[{"href":"https:\/\/www.pontcysyllte-aqueduct.co.uk\/cy\/wp-json\/wp\/v2\/pages\/1890"}],"collection":[{"href":"https:\/\/www.pontcysyllte-aqueduct.co.uk\/cy\/wp-json\/wp\/v2\/pages"}],"about":[{"href":"https:\/\/www.pontcysyllte-aqueduct.co.uk\/cy\/wp-json\/wp\/v2\/types\/page"}],"author":[{"embeddable":true,"href":"https:\/\/www.pontcysyllte-aqueduct.co.uk\/cy\/wp-json\/wp\/v2\/users\/2"}],"replies":[{"embeddable":true,"href":"https:\/\/www.pontcysyllte-aqueduct.co.uk\/cy\/wp-json\/wp\/v2\/comments?post=1890"}],"version-history":[{"count":11,"href":"https:\/\/www.pontcysyllte-aqueduct.co.uk\/cy\/wp-json\/wp\/v2\/pages\/1890\/revisions"}],"predecessor-version":[{"id":3024,"href":"https:\/\/www.pontcysyllte-aqueduct.co.uk\/cy\/wp-json\/wp\/v2\/pages\/1890\/revisions\/3024"}],"up":[{"embeddable":true,"href":"https:\/\/www.pontcysyllte-aqueduct.co.uk\/cy\/wp-json\/wp\/v2\/pages\/1892"}],"wp:featuredmedia":[{"embeddable":true,"href":"https:\/\/www.pontcysyllte-aqueduct.co.uk\/cy\/wp-json\/wp\/v2\/media\/1341"}],"wp:attachment":[{"href":"https:\/\/www.pontcysyllte-aqueduct.co.uk\/cy\/wp-json\/wp\/v2\/media?parent=1890"}],"curies":[{"name":"wp","href":"https:\/\/api.w.org\/{rel}","templated":true}]}}