{"id":1886,"date":"2020-11-15T12:05:38","date_gmt":"2020-11-15T12:05:38","guid":{"rendered":"http:\/\/www.pontcysyllte-aqueduct.co.uk\/world-heritage-status\/how-to-become-a-whs\/"},"modified":"2021-01-19T17:06:28","modified_gmt":"2021-01-19T17:06:28","slug":"how-to-become-a-whs","status":"publish","type":"page","link":"https:\/\/www.pontcysyllte-aqueduct.co.uk\/cy\/world-heritage-status\/how-to-become-a-whs\/","title":{"rendered":"Sut i fod yn Safle Treftadaeth y Byd"},"content":{"rendered":"<p>[vc_row full_width=&#8221;stretch_row_content&#8221;][vc_column width=&#8221;1\/12&#8243;][\/vc_column][vc_column width=&#8221;5\/6&#8243;][vc_column_text]<\/p>\n<blockquote class=\"wp-block-quote has-text-align-center is-style-large alt-entry-title-lg\" style=\"color: #222222;\"><p>Beth yw Safle Treftadaeth y Byd?<\/p><\/blockquote>\n<p>[\/vc_column_text][vc_column_text]<\/p>\n<blockquote><p>The United Nations Educational, Scientific and Cultural Organization (UNESCO) seeks to encourage the identification, protection and preservation of cultural and natural heritage around the world considered to be of outstanding value to humanity. This is embodied in an international treaty called the Convention concerning the Protection of the World Cultural and Natural Heritage, adopted by UNESCO in 1972.<\/p><\/blockquote>\n<p>[\/vc_column_text]<div class=\"ult-spacer spacer-69eb4e45c40e3\" data-id=\"69eb4e45c40e3\" data-height=\"10\" data-height-mobile=\"10\" data-height-tab=\"10\" data-height-tab-portrait=\"\" data-height-mobile-landscape=\"\" style=\"clear:both;display:block;\"><\/div>[vc_separator]<div class=\"ult-spacer spacer-69eb4e45c414a\" data-id=\"69eb4e45c414a\" data-height=\"30\" data-height-mobile=\"30\" data-height-tab=\"30\" data-height-tab-portrait=\"\" data-height-mobile-landscape=\"\" style=\"clear:both;display:block;\"><\/div>[\/vc_column][vc_column width=&#8221;1\/12&#8243;][\/vc_column][\/vc_row][vc_row full_width=&#8221;stretch_row_content&#8221;][vc_column width=&#8221;1\/12&#8243;][\/vc_column][vc_column width=&#8221;5\/6&#8243;][vc_column_text]<\/p>\n<h2>Confensiwn Treftadaeth y Byd<\/h2>\n<p>Mae treftadaeth ddiwylliannol a naturiol ymhlith yr asedau amhrisiadwy ac unigryw, nid yn unig rhai pob cenedl, ond y ddynoliaeth i gyd. Mae\u2019r golled, drwy ddirywiad neu ddiflannu, unrhyw un o\u2019r asedau mwyaf gwerthfawr hyn yn gyfystyr \u00e2 thlodi o ran treftadaeth holl bobloedd y byd. Gellir ystyried rhannau o\u2019n treftadaeth, oherwydd eu nodweddion eithriadol, i fod o \u201cWerth Cyffredinol Eithriadol\u201d ac fel y cyfryw yn deilwng o amddiffyniad arbennig yn erbyn y peryglon sy\u2019n eu bygwth fwyfwy.<\/p>\n<p>Er mwyn sicrhau, cyn belled ag y bo modd yr adnabyddir yn briodol, y diogelir, y cedwir ac y cyflwynir treftadaeth y byd, mabwysiadodd aelod-wladwriaethau UNESCO (Sefydliad Addysg, Gwyddonol a Diwylliannol y Cenhedloedd Unedig) \u201cGonfensiwn Treftadaeth y Byd\u201d yn 1972.<\/p>\n<p>Caiff Treftadaeth Ddiwylliannol a Naturiol eu diffinio yn erthyglau 1 a 2 o &#8216;Gonfensiwn Treftadaeth&#8217;.[\/vc_column_text][vc_row_inner equal_height=&#8221;yes&#8221; gap=&#8221;30&#8243;][vc_column_inner width=&#8221;1\/2&#8243; css=&#8221;.vc_custom_1607621683700{padding-top: 40px !important;padding-right: 40px !important;padding-bottom: 40px !important;padding-left: 40px !important;background-color: #f5f5f5 !important;}&#8221;][vc_column_text]<\/p>\n<h3 class=\"alt-entry-title\">Erthygl 1 \u2013 \u201ctreftadaeth ddiwylliannol\u201d<\/h3>\n<ul style=\"color: #000000;\">\n<li>henebion: gweithiau pensaern\u00efol, gweithiau cerflun coffaol a phaentiadau, elfennau neu adeiladau o natur archeolegol, arysgrifau, anheddau ogof a chyfuniadau o nodweddion sydd o Werth Cyffredinol Eithriadol o safbwynt hanes, celf neu wyddoniaeth;<\/li>\n<li>grwpiau o adeiladau; grwpiau o adeiladau ar wah\u00e2n neu\u2019n gysylltiedig sydd, oherwydd eu pensaern\u00efaeth, eu homogenedd neu le yn y dirwedd, o Werth Cyffredinol Eithriadol o safbwynt hanes, celf neu wyddoniaeth;<\/li>\n<li>safleoedd: gweithiau dyn neu weithiau cyfun natur a dyn, ac ardaloedd, gan gynnwys safleoedd archeolegol sydd o Werth Cyffredinol Eithriadol o safbwynt hanesyddol, esthetig, ethnolegol neu anthropolegol.<\/li>\n<\/ul>\n<p>[\/vc_column_text][\/vc_column_inner][vc_column_inner width=&#8221;1\/2&#8243; css=&#8221;.vc_custom_1607621723989{padding-top: 40px !important;padding-right: 40px !important;padding-bottom: 40px !important;padding-left: 40px !important;background-color: #f5f5f5 !important;}&#8221;][vc_column_text]<\/p>\n<h3 class=\"alt-entry-title\">Erthygl 2 \u2013 \u201ctreftadaeth naturiol\u201d<\/h3>\n<ul style=\"color: #000000;\">\n<li>nodweddion naturiol yn cynnwys ffurfiadau ffisegol a biolegol neu grwpiau o ffurfiannau o\u2019r fath sydd o Werth Cyffredinol Eithriadol o safbwynt esthetig neu wyddonol;<\/li>\n<li>ffurfiannau daearegol a ffisiolegol ac ardaloedd a amlinellir yn union sy\u2019n ffurfio cynefin o rywogaethau dan fygythiad o anifeiliaid a phlanhigion o Werth Cyffredinol Eithriadol o safbwynt gwyddoniaeth neu gadwraeth;<\/li>\n<li>safleoedd naturiol neu ardaloedd naturiol a amlinellir yn union o Werth Cyffredinol Eithriadol o safbwynt gwyddoniaeth, cadwraeth neu brydferthwch naturiol.<\/li>\n<\/ul>\n<p>[\/vc_column_text][vc_btn title=&#8221;DARLLEN Y CONFENSIWN YMA&#8221; style=&#8221;flat&#8221; shape=&#8221;square&#8221; color=&#8221;black&#8221; link=&#8221;url:http%3A%2F%2Fwhc.unesco.org%2F%3Fcid%3D175|target:_blank&#8221; css=&#8221;.vc_custom_1611075757503{margin-right: 34px !important;}&#8221;][\/vc_column_inner][\/vc_row_inner]<div class=\"ult-spacer spacer-69eb4e45c4195\" data-id=\"69eb4e45c4195\" data-height=\"50\" data-height-mobile=\"50\" data-height-tab=\"50\" data-height-tab-portrait=\"\" data-height-mobile-landscape=\"\" style=\"clear:both;display:block;\"><\/div>[\/vc_column][vc_column width=&#8221;1\/12&#8243;][\/vc_column][\/vc_row][vc_row full_width=&#8221;stretch_row_content&#8221;][vc_column width=&#8221;1\/12&#8243;][\/vc_column][vc_column width=&#8221;5\/6&#8243;][vc_row_inner][vc_column_inner width=&#8221;1\/4&#8243;][vc_single_image image=&#8221;1618&#8243; img_size=&#8221;full&#8221; alignment=&#8221;center&#8221;][vc_single_image image=&#8221;1616&#8243; img_size=&#8221;full&#8221; alignment=&#8221;center&#8221; css=&#8221;.vc_custom_1607621615891{margin-right: 20px !important;margin-left: 20px !important;}&#8221;][\/vc_column_inner][vc_column_inner width=&#8221;3\/4&#8243;][vc_column_text]<\/p>\n<h2 class=\"alt-entry-title\">Sut i gael eich cynnwys<\/h2>\n<p>I\u2019w cynnwys ar Restr Treftadaeth y Byd, rhaid i safleoedd fod o werth cyffredinol eithriadol a bodloni o leiaf un o ddeg meini prawf dethol:<\/p>\n<ol>\n<li>cynrychioli campwaith o athrylith greadigol dynol;<\/li>\n<li>arddangos cyfnewidiad pwysig o werthoedd dynol, dros gyfnod amser neu o fewn ardal ddiwylliannol o\u2019r byd, ar ddatblygiadau mewn pensaern\u00efaeth neu dechnoleg, celfyddydau anferthol, tref-gynllunio neu ddylunio tirlun;<\/li>\n<li>dwyn tystiolaeth unigryw neu o leiaf eithriadol i draddodiad diwylliannol neu i wareiddiad sy\u2019n byw neu sydd wedi diflannu;<\/li>\n<li>bod yn enghraifft eithriadol o fath o adeilad, ensemble pensaern\u00efol neu dechnolegol neu dirlun sy\u2019n dangos (a) cam(au) arwyddocaol yn hanes dynoliaeth;<\/li>\n<li>bod yn enghraifft eithriadol o anheddiad traddodiadol dynol, defnydd tir, neu ddefnydd-m\u00f4r sy\u2019n cynrychioli\u2019r diwylliant (neu ddiwylliannau), neu ryngweithio dynol \u00e2\u2019r amgylchedd yn enwedig pan mae wedi dod yn ddiamddiffyn o dan effaith newid anghildroadwy;<\/li>\n<li>bod yn gysylltiedig yn uniongyrchol neu\u2019n ddiriaethol \u00e2 digwyddiadau neu draddodiadau byw, gyda syniadau, neu \u00e2 chredoau, \u00e2 gweithiau celfyddydol a llenyddol o arwyddocad cyffredinol eithriadol. (Mae\u2019r Pwyllgor o\u2019r farn y dylid yn ddelfrydol defnyddio\u2019r maen prawf hwn ar y cyd \u00e2 meini prawf eraill);<\/li>\n<li>i gynnwys ffenomena naturiol eithriadol neu ardaloedd o harddwch naturiol eithriadol a phwysigrwydd esthetig;<\/li>\n<li>bod yn enghreifftiau eithriadol sy\u2019n cynrychioli cyfnodau pwysig yn hanes y ddaear, gan gynnwys cofnod o fywyd, prosesau daearegol sylweddol parhaus yn natblygiad tirffurfiau, neu nodweddion geomorffig neu ffisiograffig arwyddocaol;<\/li>\n<li>bod yn enghreifftiau eithriadol sy\u2019n cynrychioli sylweddol prosesau ecolegol a biolegol parhaus yn esblygiad a datblygiad ecosystemau daearol, d\u0175r croyw, ecosystemau arfordirol a morol a chymunedau planhigion ac anifeiliaid;<\/li>\n<li>cynnwys y cynefinoedd naturiol pwysicaf a mwyaf arwyddocaol ar gyfer cadwraeth in-situ o amrywiaeth biolegol, gan gynnwys y rhai sy\u2019n cynnwys rhywogaethau dan fygythiad sydd o werth cyffredinol eithriadol o safbwynt gwyddoniaeth neu gadwraeth.<\/li>\n<\/ol>\n<p>[\/vc_column_text][\/vc_column_inner][\/vc_row_inner][\/vc_column][vc_column width=&#8221;1\/12&#8243;][\/vc_column][\/vc_row][vc_row full_width=&#8221;stretch_row_content_no_spaces&#8221; css=&#8221;.vc_custom_1607622167223{margin-bottom: -100px !important;padding-bottom: 0px !important;}&#8221;][vc_column css=&#8221;.vc_custom_1607622121252{padding-top: 0px !important;}&#8221;][vc_single_image image=&#8221;801&#8243; img_size=&#8221;full&#8221; alignment=&#8221;center&#8221; css=&#8221;.vc_custom_1607622140093{margin-bottom: 0px !important;}&#8221;][\/vc_column][\/vc_row]<\/p>\n","protected":false},"excerpt":{"rendered":"<div class=\"entry-summary\">\nByddwch yn rhan o rwydwaith unigryw a gydnabyddir gan UNESCO fel y gorau yn y byd\n<\/div>\n<div class=\"link-more-container wp-block-button\"><a href=\"https:\/\/www.pontcysyllte-aqueduct.co.uk\/cy\/world-heritage-status\/how-to-become-a-whs\/\" class=\"link-more wp-block-button__link\" aria-label=\"Parhau i ddarllen Sut i fod yn Safle Treftadaeth y Byd\">Parhau i Ddarllen<\/a><\/div>\n","protected":false},"author":2,"featured_media":904,"parent":1892,"menu_order":0,"comment_status":"closed","ping_status":"closed","template":"","meta":{"_coblocks_attr":"","_coblocks_dimensions":"","_coblocks_responsive_height":"","_coblocks_accordion_ie_support":""},"yoast_head":"<!-- This site is optimized with the Yoast SEO plugin v20.13 - https:\/\/yoast.com\/wordpress\/plugins\/seo\/ -->\n<title>Sut i fod yn Safle Treftadaeth y Byd - Safle Treftadaeth y Byd Dyfrbont Pontcysyllte a\u2019r Gamlas<\/title>\n<meta name=\"description\" content=\"Disocver what a site or landscape has to have to be awarded UNESCO World Heritage Status.\" \/>\n<meta name=\"robots\" content=\"index, follow, max-snippet:-1, max-image-preview:large, max-video-preview:-1\" \/>\n<link rel=\"canonical\" href=\"https:\/\/www.pontcysyllte-aqueduct.co.uk\/cy\/world-heritage-status\/how-to-become-a-whs\/\" \/>\n<meta property=\"og:locale\" content=\"cy_GB\" \/>\n<meta property=\"og:type\" content=\"article\" \/>\n<meta property=\"og:title\" content=\"Sut i fod yn Safle Treftadaeth y Byd - Safle Treftadaeth y Byd Dyfrbont Pontcysyllte a\u2019r Gamlas\" \/>\n<meta property=\"og:description\" content=\"Disocver what a site or landscape has to have to be awarded UNESCO World Heritage Status.\" \/>\n<meta property=\"og:url\" content=\"https:\/\/www.pontcysyllte-aqueduct.co.uk\/cy\/world-heritage-status\/how-to-become-a-whs\/\" \/>\n<meta property=\"og:site_name\" content=\"Safle Treftadaeth y Byd Dyfrbont Pontcysyllte a\u2019r Gamlas\" \/>\n<meta property=\"article:modified_time\" content=\"2021-01-19T17:06:28+00:00\" \/>\n<meta property=\"og:image\" content=\"https:\/\/www.pontcysyllte-aqueduct.co.uk\/wp-content\/uploads\/2020\/11\/W-elz0mWug.jpg\" \/>\n\t<meta property=\"og:image:width\" content=\"1600\" \/>\n\t<meta property=\"og:image:height\" content=\"1066\" \/>\n\t<meta property=\"og:image:type\" content=\"image\/jpeg\" \/>\n<meta name=\"twitter:card\" content=\"summary_large_image\" \/>\n<meta name=\"twitter:label1\" content=\"Est. reading time\" \/>\n\t<meta name=\"twitter:data1\" content=\"5 minutes\" \/>\n<script type=\"application\/ld+json\" class=\"yoast-schema-graph\">{\"@context\":\"https:\/\/schema.org\",\"@graph\":[{\"@type\":\"WebPage\",\"@id\":\"https:\/\/www.pontcysyllte-aqueduct.co.uk\/cy\/world-heritage-status\/how-to-become-a-whs\/\",\"url\":\"https:\/\/www.pontcysyllte-aqueduct.co.uk\/cy\/world-heritage-status\/how-to-become-a-whs\/\",\"name\":\"Sut i fod yn Safle Treftadaeth y Byd - Safle Treftadaeth y Byd Dyfrbont Pontcysyllte a\u2019r Gamlas\",\"isPartOf\":{\"@id\":\"https:\/\/www.pontcysyllte-aqueduct.co.uk\/cy\/#website\"},\"datePublished\":\"2020-11-15T12:05:38+00:00\",\"dateModified\":\"2021-01-19T17:06:28+00:00\",\"description\":\"Disocver what a site or landscape has to have to be awarded UNESCO World Heritage Status.\",\"breadcrumb\":{\"@id\":\"https:\/\/www.pontcysyllte-aqueduct.co.uk\/cy\/world-heritage-status\/how-to-become-a-whs\/#breadcrumb\"},\"inLanguage\":\"cy-GB\",\"potentialAction\":[{\"@type\":\"ReadAction\",\"target\":[\"https:\/\/www.pontcysyllte-aqueduct.co.uk\/cy\/world-heritage-status\/how-to-become-a-whs\/\"]}]},{\"@type\":\"BreadcrumbList\",\"@id\":\"https:\/\/www.pontcysyllte-aqueduct.co.uk\/cy\/world-heritage-status\/how-to-become-a-whs\/#breadcrumb\",\"itemListElement\":[{\"@type\":\"ListItem\",\"position\":1,\"name\":\"Home\",\"item\":\"https:\/\/www.pontcysyllte-aqueduct.co.uk\/cy\/\"},{\"@type\":\"ListItem\",\"position\":2,\"name\":\"Statws Treftadaeth y Byd\",\"item\":\"https:\/\/www.pontcysyllte-aqueduct.co.uk\/cy\/world-heritage-status\/\"},{\"@type\":\"ListItem\",\"position\":3,\"name\":\"Sut i fod yn Safle Treftadaeth y Byd\"}]},{\"@type\":\"WebSite\",\"@id\":\"https:\/\/www.pontcysyllte-aqueduct.co.uk\/cy\/#website\",\"url\":\"https:\/\/www.pontcysyllte-aqueduct.co.uk\/cy\/\",\"name\":\"Safle Treftadaeth y Byd Dyfrbont Pontcysyllte a\u2019r Gamlas\",\"description\":\"Safle Treftadaeth y Byd Dyfrbont Pontcysyllte a\u2019r Gamlas\",\"potentialAction\":[{\"@type\":\"SearchAction\",\"target\":{\"@type\":\"EntryPoint\",\"urlTemplate\":\"https:\/\/www.pontcysyllte-aqueduct.co.uk\/cy\/?s={search_term_string}\"},\"query-input\":\"required name=search_term_string\"}],\"inLanguage\":\"cy-GB\"}]}<\/script>\n<!-- \/ Yoast SEO plugin. -->","yoast_head_json":{"title":"Sut i fod yn Safle Treftadaeth y Byd - Safle Treftadaeth y Byd Dyfrbont Pontcysyllte a\u2019r Gamlas","description":"Disocver what a site or landscape has to have to be awarded UNESCO World Heritage Status.","robots":{"index":"index","follow":"follow","max-snippet":"max-snippet:-1","max-image-preview":"max-image-preview:large","max-video-preview":"max-video-preview:-1"},"canonical":"https:\/\/www.pontcysyllte-aqueduct.co.uk\/cy\/world-heritage-status\/how-to-become-a-whs\/","og_locale":"cy_GB","og_type":"article","og_title":"Sut i fod yn Safle Treftadaeth y Byd - Safle Treftadaeth y Byd Dyfrbont Pontcysyllte a\u2019r Gamlas","og_description":"Disocver what a site or landscape has to have to be awarded UNESCO World Heritage Status.","og_url":"https:\/\/www.pontcysyllte-aqueduct.co.uk\/cy\/world-heritage-status\/how-to-become-a-whs\/","og_site_name":"Safle Treftadaeth y Byd Dyfrbont Pontcysyllte a\u2019r Gamlas","article_modified_time":"2021-01-19T17:06:28+00:00","og_image":[{"width":1600,"height":1066,"url":"https:\/\/www.pontcysyllte-aqueduct.co.uk\/wp-content\/uploads\/2020\/11\/W-elz0mWug.jpg","type":"image\/jpeg"}],"twitter_card":"summary_large_image","twitter_misc":{"Est. reading time":"5 minutes"},"schema":{"@context":"https:\/\/schema.org","@graph":[{"@type":"WebPage","@id":"https:\/\/www.pontcysyllte-aqueduct.co.uk\/cy\/world-heritage-status\/how-to-become-a-whs\/","url":"https:\/\/www.pontcysyllte-aqueduct.co.uk\/cy\/world-heritage-status\/how-to-become-a-whs\/","name":"Sut i fod yn Safle Treftadaeth y Byd - Safle Treftadaeth y Byd Dyfrbont Pontcysyllte a\u2019r Gamlas","isPartOf":{"@id":"https:\/\/www.pontcysyllte-aqueduct.co.uk\/cy\/#website"},"datePublished":"2020-11-15T12:05:38+00:00","dateModified":"2021-01-19T17:06:28+00:00","description":"Disocver what a site or landscape has to have to be awarded UNESCO World Heritage Status.","breadcrumb":{"@id":"https:\/\/www.pontcysyllte-aqueduct.co.uk\/cy\/world-heritage-status\/how-to-become-a-whs\/#breadcrumb"},"inLanguage":"cy-GB","potentialAction":[{"@type":"ReadAction","target":["https:\/\/www.pontcysyllte-aqueduct.co.uk\/cy\/world-heritage-status\/how-to-become-a-whs\/"]}]},{"@type":"BreadcrumbList","@id":"https:\/\/www.pontcysyllte-aqueduct.co.uk\/cy\/world-heritage-status\/how-to-become-a-whs\/#breadcrumb","itemListElement":[{"@type":"ListItem","position":1,"name":"Home","item":"https:\/\/www.pontcysyllte-aqueduct.co.uk\/cy\/"},{"@type":"ListItem","position":2,"name":"Statws Treftadaeth y Byd","item":"https:\/\/www.pontcysyllte-aqueduct.co.uk\/cy\/world-heritage-status\/"},{"@type":"ListItem","position":3,"name":"Sut i fod yn Safle Treftadaeth y Byd"}]},{"@type":"WebSite","@id":"https:\/\/www.pontcysyllte-aqueduct.co.uk\/cy\/#website","url":"https:\/\/www.pontcysyllte-aqueduct.co.uk\/cy\/","name":"Safle Treftadaeth y Byd Dyfrbont Pontcysyllte a\u2019r Gamlas","description":"Safle Treftadaeth y Byd Dyfrbont Pontcysyllte a\u2019r Gamlas","potentialAction":[{"@type":"SearchAction","target":{"@type":"EntryPoint","urlTemplate":"https:\/\/www.pontcysyllte-aqueduct.co.uk\/cy\/?s={search_term_string}"},"query-input":"required name=search_term_string"}],"inLanguage":"cy-GB"}]}},"_links":{"self":[{"href":"https:\/\/www.pontcysyllte-aqueduct.co.uk\/cy\/wp-json\/wp\/v2\/pages\/1886"}],"collection":[{"href":"https:\/\/www.pontcysyllte-aqueduct.co.uk\/cy\/wp-json\/wp\/v2\/pages"}],"about":[{"href":"https:\/\/www.pontcysyllte-aqueduct.co.uk\/cy\/wp-json\/wp\/v2\/types\/page"}],"author":[{"embeddable":true,"href":"https:\/\/www.pontcysyllte-aqueduct.co.uk\/cy\/wp-json\/wp\/v2\/users\/2"}],"replies":[{"embeddable":true,"href":"https:\/\/www.pontcysyllte-aqueduct.co.uk\/cy\/wp-json\/wp\/v2\/comments?post=1886"}],"version-history":[{"count":9,"href":"https:\/\/www.pontcysyllte-aqueduct.co.uk\/cy\/wp-json\/wp\/v2\/pages\/1886\/revisions"}],"predecessor-version":[{"id":2033,"href":"https:\/\/www.pontcysyllte-aqueduct.co.uk\/cy\/wp-json\/wp\/v2\/pages\/1886\/revisions\/2033"}],"up":[{"embeddable":true,"href":"https:\/\/www.pontcysyllte-aqueduct.co.uk\/cy\/wp-json\/wp\/v2\/pages\/1892"}],"wp:featuredmedia":[{"embeddable":true,"href":"https:\/\/www.pontcysyllte-aqueduct.co.uk\/cy\/wp-json\/wp\/v2\/media\/904"}],"wp:attachment":[{"href":"https:\/\/www.pontcysyllte-aqueduct.co.uk\/cy\/wp-json\/wp\/v2\/media?parent=1886"}],"curies":[{"name":"wp","href":"https:\/\/api.w.org\/{rel}","templated":true}]}}