{"id":1878,"date":"2020-12-11T13:56:26","date_gmt":"2020-12-11T13:56:26","guid":{"rendered":"http:\/\/www.pontcysyllte-aqueduct.co.uk\/contact-us\/"},"modified":"2023-09-13T14:19:00","modified_gmt":"2023-09-13T13:19:00","slug":"contact-us","status":"publish","type":"page","link":"https:\/\/www.pontcysyllte-aqueduct.co.uk\/cy\/contact-us\/","title":{"rendered":"Cysylltu \u00e2 ni"},"content":{"rendered":"<p>[vc_row full_width=&#8221;stretch_row_content_no_spaces&#8221; css=&#8221;.vc_custom_1607695151815{margin-bottom: -50px !important;}&#8221;][vc_column width=&#8221;1\/12&#8243;][\/vc_column][vc_column width=&#8221;5\/6&#8243;][vc_row_inner][vc_column_inner el_class=&#8221;nobanner-heading&#8221; width=&#8221;1\/2&#8243;][vc_custom_heading text=&#8221;Cysylltu \u00e2 ni&#8221; font_container=&#8221;tag:h1|text_align:left&#8221; use_theme_fonts=&#8221;yes&#8221;][vc_column_text el_class=&#8221;entry-summary&#8221;]<\/p>\n<p style=\"font-size: 1.272em;\"><strong>Cysylltwch:<\/strong><br \/>\nOs oes gennych chi gwestiwn neu ymholiad yngl\u0177n \u00e2 Safle Treftadaeth y Byd, cysylltwch \u00e2 ni.<\/p>\n<p style=\"font-size: 1.272em;\">Drwy glicio &#8216;cyflwyno&#8217;, rydych yn rhoi caniat\u00e2d i ni gwsylltu atoch chi at ddibenion eich ymholiad.<\/p>\n<p>[\/vc_column_text][vc_btn title=&#8221;GWYBODAETH YMWELWYR&#8221; style=&#8221;flat&#8221; shape=&#8221;square&#8221; color=&#8221;black&#8221; link=&#8221;url:%23visitorinformation&#8221;][vc_empty_space][vc_column_text el_class=&#8221;entry-summary&#8221;]<\/p>\n<p style=\"font-size: 1.272em;\"><strong>Am fanylion teithiau mewn cwch ar hyd y gamlas, cysylltwch yn uniongyrchol \u00e2\u2019r ddau weithredwr:<\/strong><br \/>\nAnglo Welsh \u2013 sy\u2019n gweithredu teithiau dros Ddyfrbont Pontcysyllte o Fasn Trefor &#8211; 0117 304 1122.<\/p>\n<p style=\"font-size: 1.272em;\">Cei Llangollen \u2013 sy\u2019n gweithredu teithiau cwch a gaiff eu tynnu gan geffylau a chychod modur o Langollen, a theithiau cwch modur dros Ddyfrbont Pontcysyllte &#8211; 01978 860702.<\/p>\n<p>[\/vc_column_text][\/vc_column_inner][vc_column_inner el_class=&#8221;nobanner-heading&#8221; width=&#8221;1\/2&#8243; css=&#8221;.vc_custom_1610972593712{padding-top: 40px !important;padding-right: 40px !important;padding-bottom: 40px !important;padding-left: 40px !important;background-color: #f5f5f5 !important;}&#8221;][vc_column_text]<script type=\"text\/javascript\">var gform;gform||(document.addEventListener(\"gform_main_scripts_loaded\",function(){gform.scriptsLoaded=!0}),window.addEventListener(\"DOMContentLoaded\",function(){gform.domLoaded=!0}),gform={domLoaded:!1,scriptsLoaded:!1,initializeOnLoaded:function(o){gform.domLoaded&&gform.scriptsLoaded?o():!gform.domLoaded&&gform.scriptsLoaded?window.addEventListener(\"DOMContentLoaded\",o):document.addEventListener(\"gform_main_scripts_loaded\",o)},hooks:{action:{},filter:{}},addAction:function(o,n,r,t){gform.addHook(\"action\",o,n,r,t)},addFilter:function(o,n,r,t){gform.addHook(\"filter\",o,n,r,t)},doAction:function(o){gform.doHook(\"action\",o,arguments)},applyFilters:function(o){return gform.doHook(\"filter\",o,arguments)},removeAction:function(o,n){gform.removeHook(\"action\",o,n)},removeFilter:function(o,n,r){gform.removeHook(\"filter\",o,n,r)},addHook:function(o,n,r,t,i){null==gform.hooks[o][n]&&(gform.hooks[o][n]=[]);var e=gform.hooks[o][n];null==i&&(i=n+\"_\"+e.length),gform.hooks[o][n].push({tag:i,callable:r,priority:t=null==t?10:t})},doHook:function(n,o,r){var t;if(r=Array.prototype.slice.call(r,1),null!=gform.hooks[n][o]&&((o=gform.hooks[n][o]).sort(function(o,n){return o.priority-n.priority}),o.forEach(function(o){\"function\"!=typeof(t=o.callable)&&(t=window[t]),\"action\"==n?t.apply(null,r):r[0]=t.apply(null,r)})),\"filter\"==n)return r[0]},removeHook:function(o,n,t,i){var r;null!=gform.hooks[o][n]&&(r=(r=gform.hooks[o][n]).filter(function(o,n,r){return!!(null!=i&&i!=o.tag||null!=t&&t!=o.priority)}),gform.hooks[o][n]=r)}});<\/script>\n                <div class='gf_browser_gecko gform_wrapper gform_legacy_markup_wrapper gform-theme--no-framework' data-form-theme='legacy' data-form-index='0' id='gform_wrapper_2' ><div id='gf_2' class='gform_anchor' tabindex='-1'><\/div><form method='post' enctype='multipart\/form-data' target='gform_ajax_frame_2' id='gform_2'  action='\/cy\/wp-json\/wp\/v2\/pages\/1878#gf_2' data-formid='2' >\n                        <div class='gform-body gform_body'><ul id='gform_fields_2' class='gform_fields top_label form_sublabel_below description_below'><li id=\"field_2_1\"  class=\"gfield gfield--type-name gfield_contains_required field_sublabel_below gfield--no-description field_description_below gfield_visibility_visible\"  data-js-reload=\"field_2_1\"><label class='gfield_label gform-field-label gfield_label_before_complex'  >Enw<span class=\"gfield_required\"><span class=\"gfield_required gfield_required_asterisk\">*<\/span><\/span><\/label><div class='ginput_complex ginput_container ginput_container--name no_prefix has_first_name no_middle_name has_last_name no_suffix gf_name_has_2 ginput_container_name gform-grid-row' id='input_2_1'>\n                            \n                            <span id='input_2_1_3_container' class='name_first gform-grid-col gform-grid-col--size-auto' >\n                                                    <input type='text' name='input_1.3' id='input_2_1_3' value='' tabindex='50'  aria-required='true'     \/>\n                                                    <label for='input_2_1_3' class='gform-field-label gform-field-label--type-sub '>Cyntaf<\/label>\n                                                <\/span>\n                            \n                            <span id='input_2_1_6_container' class='name_last gform-grid-col gform-grid-col--size-auto' >\n                                                    <input type='text' name='input_1.6' id='input_2_1_6' value='' tabindex='52'  aria-required='true'     \/>\n                                                    <label for='input_2_1_6' class='gform-field-label gform-field-label--type-sub '>Olaf<\/label>\n                                                <\/span>\n                            \n                        <\/div><\/li><li id=\"field_2_2\"  class=\"gfield gfield--type-email gfield_contains_required field_sublabel_below gfield--no-description field_description_below gfield_visibility_visible\"  data-js-reload=\"field_2_2\"><label class='gfield_label gform-field-label' for='input_2_2' >E-bost<span class=\"gfield_required\"><span class=\"gfield_required gfield_required_asterisk\">*<\/span><\/span><\/label><div class='ginput_container ginput_container_email'>\n                            <input name='input_2' id='input_2_2' type='text' value='' class='large' tabindex='54'   aria-required=\"true\" aria-invalid=\"false\"  \/>\n                        <\/div><\/li><li id=\"field_2_3\"  class=\"gfield gfield--type-textarea field_sublabel_below gfield--no-description field_description_below gfield_visibility_visible\"  data-js-reload=\"field_2_3\"><label class='gfield_label gform-field-label' for='input_2_3' >Neges<\/label><div class='ginput_container ginput_container_textarea'><textarea name='input_3' id='input_2_3' class='textarea small' tabindex='55'     aria-invalid=\"false\"   rows='10' cols='50'><\/textarea><\/div><\/li><li id=\"field_2_5\"  class=\"gfield gfield--type-consent gfield--type-choice gfield--input-type-consent gfield_contains_required field_sublabel_below gfield--has-description field_description_below gfield_visibility_visible\"  data-js-reload=\"field_2_5\"><label class='gfield_label gform-field-label gfield_label_before_complex'  >Cydsyniad<span class=\"gfield_required\"><span class=\"gfield_required gfield_required_asterisk\">*<\/span><\/span><\/label><div class='ginput_container ginput_container_consent'><input name='input_5.1' id='input_2_5_1' type='checkbox' value='1' tabindex='56' aria-describedby=\"gfield_consent_description_2_5\" aria-required=\"true\" aria-invalid=\"false\"   \/> <label class=\"gform-field-label gform-field-label--type-inline gfield_consent_label\" for='input_2_5_1' >Rwy'n cytuno i bolisi preifatrwydd y wefan hon.<\/label><input type='hidden' name='input_5.2' value='Rwy&#039;n cytuno i bolisi preifatrwydd y wefan hon.' class='gform_hidden' \/><input type='hidden' name='input_5.3' value='2' class='gform_hidden' \/><\/div><div class='gfield_description gfield_consent_description' id='gfield_consent_description_2_5'>Trwy glicio ar \u2018Cyflwyno\u2019 rydych yn rhoi caniat\u00e2d i ni gysylltu \u00e2 chi at ddibenion eich ymholiad.<\/div><\/li><li id=\"field_2_7\"  class=\"gfield gfield--type-captcha gfield--width-full field_sublabel_below gfield--no-description field_description_below hidden_label gfield_visibility_visible\"  data-js-reload=\"field_2_7\"><label class='gfield_label gform-field-label' for='input_2_7' >CAPTCHA<\/label><div id='input_2_7' class='ginput_container ginput_recaptcha' data-sitekey='6LcfH4YbAAAAADUnAMfHlZJJPziza3Lucii0nz6p'  data-theme='light' data-tabindex='57'  data-badge=''><\/div><\/li><\/ul><\/div>\n        <div class='gform_footer top_label'> <input type='submit' id='gform_submit_button_2' class='gform_button button' value='Cyflwyno' tabindex='58' onclick='if(window[\"gf_submitting_2\"]){return false;}  window[\"gf_submitting_2\"]=true;  ' onkeypress='if( event.keyCode == 13 ){ if(window[\"gf_submitting_2\"]){return false;} window[\"gf_submitting_2\"]=true;  jQuery(\"#gform_2\").trigger(\"submit\",[true]); }' \/> <input type='hidden' name='gform_ajax' value='form_id=2&amp;title=&amp;description=&amp;tabindex=49' \/>\n            <input type='hidden' class='gform_hidden' name='is_submit_2' value='1' \/>\n            <input type='hidden' class='gform_hidden' name='gform_submit' value='2' \/>\n            \n            <input type='hidden' class='gform_hidden' name='gform_unique_id' value='' \/>\n            <input type='hidden' class='gform_hidden' name='state_2' value='WyJ7XCI1LjFcIjpcIjJkNzIxOGU4MWMyMzRiNzE5Y2JiNmNmOWE1NzFlMjYzXCIsXCI1LjJcIjpcImFlZTMwYjcxMTU5YjEwNWQ4MTQ2NWNjMGEzOWRlYzVjXCIsXCI1LjNcIjpcIjQxODQ3ODBiNjUwNzZlNTkyM2U2YTRmZTc4MjYzZWZjXCJ9IiwiMGU5MDJkNzcyMGQ0YWU1MDFkMTc5MTYyMzUyMTZmNjAiXQ==' \/>\n            <input type='hidden' class='gform_hidden' name='gform_target_page_number_2' id='gform_target_page_number_2' value='0' \/>\n            <input type='hidden' class='gform_hidden' name='gform_source_page_number_2' id='gform_source_page_number_2' value='1' \/>\n            <input type='hidden' name='gform_field_values' value='' \/>\n            \n        <\/div>\n                        <\/form>\n                        <\/div>\n\t\t                <iframe style='display:none;width:0px;height:0px;' src='about:blank' name='gform_ajax_frame_2' id='gform_ajax_frame_2' title='This iframe contains the logic required to handle Ajax powered Gravity Forms.'><\/iframe>\n\t\t                <script type=\"text\/javascript\">\ngform.initializeOnLoaded( function() {gformInitSpinner( 2, 'https:\/\/www.pontcysyllte-aqueduct.co.uk\/wp-content\/plugins\/gravityforms\/images\/spinner.svg', true );jQuery('#gform_ajax_frame_2').on('load',function(){var contents = jQuery(this).contents().find('*').html();var is_postback = contents.indexOf('GF_AJAX_POSTBACK') >= 0;if(!is_postback){return;}var form_content = jQuery(this).contents().find('#gform_wrapper_2');var is_confirmation = jQuery(this).contents().find('#gform_confirmation_wrapper_2').length > 0;var is_redirect = contents.indexOf('gformRedirect(){') >= 0;var is_form = form_content.length > 0 && ! is_redirect && ! is_confirmation;var mt = parseInt(jQuery('html').css('margin-top'), 10) + parseInt(jQuery('body').css('margin-top'), 10) + 100;if(is_form){jQuery('#gform_wrapper_2').html(form_content.html());if(form_content.hasClass('gform_validation_error')){jQuery('#gform_wrapper_2').addClass('gform_validation_error');} else {jQuery('#gform_wrapper_2').removeClass('gform_validation_error');}setTimeout( function() { \/* delay the scroll by 50 milliseconds to fix a bug in chrome *\/ jQuery(document).scrollTop(jQuery('#gform_wrapper_2').offset().top - mt); }, 50 );if(window['gformInitDatepicker']) {gformInitDatepicker();}if(window['gformInitPriceFields']) {gformInitPriceFields();}var current_page = jQuery('#gform_source_page_number_2').val();gformInitSpinner( 2, 'https:\/\/www.pontcysyllte-aqueduct.co.uk\/wp-content\/plugins\/gravityforms\/images\/spinner.svg', true );jQuery(document).trigger('gform_page_loaded', [2, current_page]);window['gf_submitting_2'] = false;}else if(!is_redirect){var confirmation_content = jQuery(this).contents().find('.GF_AJAX_POSTBACK').html();if(!confirmation_content){confirmation_content = contents;}setTimeout(function(){jQuery('#gform_wrapper_2').replaceWith(confirmation_content);jQuery(document).scrollTop(jQuery('#gf_2').offset().top - mt);jQuery(document).trigger('gform_confirmation_loaded', [2]);window['gf_submitting_2'] = false;wp.a11y.speak(jQuery('#gform_confirmation_message_2').text());}, 50);}else{jQuery('#gform_2').append(contents);if(window['gformRedirect']) {gformRedirect();}}jQuery(document).trigger('gform_post_render', [2, current_page]);gform.utils.trigger({ event: 'gform\/postRender', native: false, data: { formId: 2, currentPage: current_page } });} );} );\n<\/script>\n[\/vc_column_text][\/vc_column_inner][\/vc_row_inner]<div class=\"ult-spacer spacer-69e35d713731d\" data-id=\"69e35d713731d\" data-height=\"\" data-height-mobile=\"40\" data-height-tab=\"40\" data-height-tab-portrait=\"40\" data-height-mobile-landscape=\"40\" style=\"clear:both;display:block;\"><\/div>[\/vc_column][vc_column width=&#8221;1\/12&#8243;][\/vc_column][\/vc_row][vc_row full_width=&#8221;stretch_row_content_no_spaces&#8221; css=&#8221;.vc_custom_1607684833123{margin-bottom: 0px !important;padding-bottom: 0px !important;}&#8221;][vc_column css=&#8221;.vc_custom_1607684772815{padding-top: 0px !important;}&#8221;][vc_single_image image=&#8221;801&#8243; img_size=&#8221;full&#8221; alignment=&#8221;center&#8221; css=&#8221;.vc_custom_1607684797326{margin-bottom: 0px !important;}&#8221;][\/vc_column][\/vc_row][vc_row full_width=&#8221;stretch_row_content_no_spaces&#8221; css=&#8221;.vc_custom_1618503835564{margin-bottom: -100px !important;background-color: #2e2d2a !important;}&#8221; el_id=&#8221;visitorinformation&#8221;][vc_column width=&#8221;1\/12&#8243;][\/vc_column][vc_column width=&#8221;5\/6&#8243;][vc_row_inner][vc_column_inner el_class=&#8221;visitor-information&#8221; width=&#8221;1\/2&#8243;][vc_custom_heading text=&#8221;Gwybodaeth i Ymwelwyr&#8221; font_container=&#8221;tag:h2|text_align:left|color:%23ffffff&#8221; use_theme_fonts=&#8221;yes&#8221;][vc_column_text]<\/p>\n<p style=\"color: #ffffff;\">Canfyddwch beth sy\u2019n digwydd ac ymunwch yn yr hwyl.<\/p>\n<p>[\/vc_column_text][\/vc_column_inner][vc_column_inner width=&#8221;1\/2&#8243;][\/vc_column_inner][\/vc_row_inner][vc_row_inner equal_height=&#8221;yes&#8221; gap=&#8221;30&#8243;][vc_column_inner el_class=&#8221;contact-boxes&#8221; width=&#8221;1\/3&#8243; css=&#8221;.vc_custom_1607699859491{padding-top: 40px !important;padding-right: 40px !important;padding-bottom: 40px !important;padding-left: 40px !important;background-color: #393937 !important;}&#8221;][vc_custom_heading text=&#8221;Canolfan Ymwelwyr Basn Trefor&#8221; font_container=&#8221;tag:h2|text_align:left|color:%23ffffff&#8221; use_theme_fonts=&#8221;yes&#8221; el_class=&#8221;alt-entry-title&#8221;][vc_column_text]Mae Canolfan Ymwelwyr Basn Trefor wedi ei lleoli wrth ymyl y draphont dd\u0175r ac yn gartref i gasgliad o arteffactau hanesyddol sy\u2019n dyddio\u2019n \u00f4l i\u2019r adeg pan gafodd y draphont dd\u0175r ei hadeiladu. Gall ymwelwyr hefyd fwynhau\u2019r fideo \u2018Straeon o\u2019r Draphont\u2019, fideo animeiddiedig o \u2018Sut adeiladwyd y draphont dd\u0175r\u2019, man gweithgareddau i blant a siop anrhegion. Mae\u2019r staff cyfeillgar a\u2019r gwirfoddolwyr bob amser wrth law i helpu.<\/p>\n<p><a style=\"color: #ffffff;\" href=\"tel:01978 822912\">01978 822912<\/a><\/p>\n<p>Canolfan Ymwelwyr Basn Trefor<br \/>\nDyfrbont Dd\u0175r Pontcysyllte<br \/>\nBasn Trefor<br \/>\nOddi ar Ffordd yr Orsaf<br \/>\nTrefor<br \/>\nWrecsam LL20 7TY<\/p>\n<p><a style=\"color: #ffffff;\" href=\"mailto:TrevorVisitor.Centre@canalrivertrust.org.uk\">TrevorVisitor.Centre@canalrivertrust.org.uk<\/a>[\/vc_column_text][\/vc_column_inner][vc_column_inner el_class=&#8221;contact-boxes&#8221; width=&#8221;1\/3&#8243; css=&#8221;.vc_custom_1607699864847{padding-top: 40px !important;padding-right: 40px !important;padding-bottom: 40px !important;padding-left: 40px !important;background-color: #393937 !important;}&#8221;][vc_custom_heading text=&#8221;Canolfan Groeso Wrecsam&#8221; font_container=&#8221;tag:h2|text_align:left|color:%23ffffff&#8221; use_theme_fonts=&#8221;yes&#8221; el_class=&#8221;alt-entry-title&#8221;][vc_column_text]Codwch y ff\u00f4n neu galwch draw i gael syniadau a gwybodaeth am bethau\u00a0i\u2019w gwneud a\u2019u gweld yn Wrecsam ynghyd ag ymweld \u00e2\u2019n Safle Treftadaeth y Byd.<\/p>\n<p>Mae gennom popeth o ddosbarthiadau celfyddydau a sioeau theatr i wyliau a chyngherddau.<\/p>\n<p>O amgueddfeydd a safleoedd treftadaeth i fwytai a thafarndai gwledig.\u00a0Ac os ydych yn ymweld ac eisiau rhywle i aros am noson,\u00a0gallant eich cynorthwyo i ddod o hyd i rywle i aros.<\/p>\n<p><a style=\"color: #ffffff;\" href=\"tel:01978292015\">01978 292015<\/a><\/p>\n<p>Canolfan Wybodaeth i ymwelwyr<br \/>\nStryd Caer<br \/>\nWrecsam LL13 8BA<\/p>\n<p><a style=\"color: #ffffff;\" href=\"mailto:tic@wrexham.gov.uk\">tic@wrexham.gov.uk<\/a>[\/vc_column_text][\/vc_column_inner][vc_column_inner el_class=&#8221;contact-boxes&#8221; width=&#8221;1\/3&#8243; css=&#8221;.vc_custom_1607699872648{padding-top: 40px !important;padding-right: 40px !important;padding-bottom: 40px !important;padding-left: 40px !important;background-color: #393937 !important;}&#8221;][vc_custom_heading text=&#8221;Canolfan Groeso Llangollen&#8221; font_container=&#8221;tag:h2|text_align:left|color:%23ffffff&#8221; use_theme_fonts=&#8221;yes&#8221; el_class=&#8221;alt-entry-title&#8221;][vc_column_text]Yn yr oes ddigidol gyda gwefannau, ffonau clyfar a chanolfannau galwadau,\u00a0mae modd galw draw i\u2019n Canolfan Groeso a chyfarfod \u00e2 phobl leol fydd yn filch\u00a0o\u2019ch cynorthwyo gyda\u2019ch ymholiad.<\/p>\n<p><a style=\"color: #ffffff;\" href=\"tel:01978860828\">01978 860828<\/a><\/p>\n<p>Y Capel<br \/>\nStryt y Castell<br \/>\nLlangollen<br \/>\nSir Ddinbych LL20 8NU<\/p>\n<p><a style=\"color: #ffffff;\" href=\"mailto:llangollen@nwtic.com\">llangollen@nwtic.com<\/a>[\/vc_column_text][\/vc_column_inner][\/vc_row_inner]<div class=\"ult-spacer spacer-69e35d7137348\" data-id=\"69e35d7137348\" data-height=\"120\" data-height-mobile=\"120\" data-height-tab=\"120\" data-height-tab-portrait=\"\" data-height-mobile-landscape=\"\" style=\"clear:both;display:block;\"><\/div>[\/vc_column][vc_column width=&#8221;1\/12&#8243;][\/vc_column][\/vc_row]<\/p>\n","protected":false},"excerpt":{"rendered":"<div class=\"entry-summary\">\nMake sure everyone is safe by being aware of potential hazards\n<\/div>\n<div class=\"link-more-container wp-block-button\"><a href=\"https:\/\/www.pontcysyllte-aqueduct.co.uk\/cy\/contact-us\/\" class=\"link-more wp-block-button__link\" aria-label=\"Parhau i ddarllen Cysylltu \u00e2 ni\">Parhau i Ddarllen<\/a><\/div>\n","protected":false},"author":1,"featured_media":1005,"parent":0,"menu_order":0,"comment_status":"closed","ping_status":"closed","template":"templates\/no-intro.php","meta":{"_coblocks_attr":"","_coblocks_dimensions":"","_coblocks_responsive_height":"","_coblocks_accordion_ie_support":""},"yoast_head":"<!-- This site is optimized with the Yoast SEO plugin v20.13 - https:\/\/yoast.com\/wordpress\/plugins\/seo\/ -->\n<title>Cysylltu \u00e2 ni - Safle Treftadaeth y Byd Dyfrbont Pontcysyllte a\u2019r Gamlas<\/title>\n<meta name=\"description\" content=\"Contact any of our tourist information centres, or get in touch via email or our contact form, for information on getting the most from your visit.\" \/>\n<meta name=\"robots\" content=\"index, follow, max-snippet:-1, max-image-preview:large, max-video-preview:-1\" \/>\n<link rel=\"canonical\" href=\"https:\/\/www.pontcysyllte-aqueduct.co.uk\/cy\/contact-us\/\" \/>\n<meta property=\"og:locale\" content=\"cy_GB\" \/>\n<meta property=\"og:type\" content=\"article\" \/>\n<meta property=\"og:title\" content=\"Cysylltu \u00e2 ni - Safle Treftadaeth y Byd Dyfrbont Pontcysyllte a\u2019r Gamlas\" \/>\n<meta property=\"og:description\" content=\"Contact any of our tourist information centres, or get in touch via email or our contact form, for information on getting the most from your visit.\" \/>\n<meta property=\"og:url\" content=\"https:\/\/www.pontcysyllte-aqueduct.co.uk\/cy\/contact-us\/\" \/>\n<meta property=\"og:site_name\" content=\"Safle Treftadaeth y Byd Dyfrbont Pontcysyllte a\u2019r Gamlas\" \/>\n<meta property=\"article:modified_time\" content=\"2023-09-13T13:19:00+00:00\" \/>\n<meta property=\"og:image\" content=\"https:\/\/www.pontcysyllte-aqueduct.co.uk\/wp-content\/uploads\/2020\/11\/horse-drawn-boat-llangollen-canal.jpg\" \/>\n\t<meta property=\"og:image:width\" content=\"2000\" \/>\n\t<meta property=\"og:image:height\" content=\"1293\" \/>\n\t<meta property=\"og:image:type\" content=\"image\/jpeg\" \/>\n<meta name=\"twitter:card\" content=\"summary_large_image\" \/>\n<meta name=\"twitter:label1\" content=\"Est. reading time\" \/>\n\t<meta name=\"twitter:data1\" content=\"2 minutes\" \/>\n<script type=\"application\/ld+json\" class=\"yoast-schema-graph\">{\"@context\":\"https:\/\/schema.org\",\"@graph\":[{\"@type\":\"WebPage\",\"@id\":\"https:\/\/www.pontcysyllte-aqueduct.co.uk\/cy\/contact-us\/\",\"url\":\"https:\/\/www.pontcysyllte-aqueduct.co.uk\/cy\/contact-us\/\",\"name\":\"Cysylltu \u00e2 ni - Safle Treftadaeth y Byd Dyfrbont Pontcysyllte a\u2019r Gamlas\",\"isPartOf\":{\"@id\":\"https:\/\/www.pontcysyllte-aqueduct.co.uk\/cy\/#website\"},\"datePublished\":\"2020-12-11T13:56:26+00:00\",\"dateModified\":\"2023-09-13T13:19:00+00:00\",\"description\":\"Contact any of our tourist information centres, or get in touch via email or our contact form, for information on getting the most from your visit.\",\"breadcrumb\":{\"@id\":\"https:\/\/www.pontcysyllte-aqueduct.co.uk\/cy\/contact-us\/#breadcrumb\"},\"inLanguage\":\"cy-GB\",\"potentialAction\":[{\"@type\":\"ReadAction\",\"target\":[\"https:\/\/www.pontcysyllte-aqueduct.co.uk\/cy\/contact-us\/\"]}]},{\"@type\":\"BreadcrumbList\",\"@id\":\"https:\/\/www.pontcysyllte-aqueduct.co.uk\/cy\/contact-us\/#breadcrumb\",\"itemListElement\":[{\"@type\":\"ListItem\",\"position\":1,\"name\":\"Home\",\"item\":\"https:\/\/www.pontcysyllte-aqueduct.co.uk\/cy\/\"},{\"@type\":\"ListItem\",\"position\":2,\"name\":\"Cysylltu \u00e2 ni\"}]},{\"@type\":\"WebSite\",\"@id\":\"https:\/\/www.pontcysyllte-aqueduct.co.uk\/cy\/#website\",\"url\":\"https:\/\/www.pontcysyllte-aqueduct.co.uk\/cy\/\",\"name\":\"Safle Treftadaeth y Byd Dyfrbont Pontcysyllte a\u2019r Gamlas\",\"description\":\"Safle Treftadaeth y Byd Dyfrbont Pontcysyllte a\u2019r Gamlas\",\"potentialAction\":[{\"@type\":\"SearchAction\",\"target\":{\"@type\":\"EntryPoint\",\"urlTemplate\":\"https:\/\/www.pontcysyllte-aqueduct.co.uk\/cy\/?s={search_term_string}\"},\"query-input\":\"required name=search_term_string\"}],\"inLanguage\":\"cy-GB\"}]}<\/script>\n<!-- \/ Yoast SEO plugin. -->","yoast_head_json":{"title":"Cysylltu \u00e2 ni - Safle Treftadaeth y Byd Dyfrbont Pontcysyllte a\u2019r Gamlas","description":"Contact any of our tourist information centres, or get in touch via email or our contact form, for information on getting the most from your visit.","robots":{"index":"index","follow":"follow","max-snippet":"max-snippet:-1","max-image-preview":"max-image-preview:large","max-video-preview":"max-video-preview:-1"},"canonical":"https:\/\/www.pontcysyllte-aqueduct.co.uk\/cy\/contact-us\/","og_locale":"cy_GB","og_type":"article","og_title":"Cysylltu \u00e2 ni - Safle Treftadaeth y Byd Dyfrbont Pontcysyllte a\u2019r Gamlas","og_description":"Contact any of our tourist information centres, or get in touch via email or our contact form, for information on getting the most from your visit.","og_url":"https:\/\/www.pontcysyllte-aqueduct.co.uk\/cy\/contact-us\/","og_site_name":"Safle Treftadaeth y Byd Dyfrbont Pontcysyllte a\u2019r Gamlas","article_modified_time":"2023-09-13T13:19:00+00:00","og_image":[{"width":2000,"height":1293,"url":"https:\/\/www.pontcysyllte-aqueduct.co.uk\/wp-content\/uploads\/2020\/11\/horse-drawn-boat-llangollen-canal.jpg","type":"image\/jpeg"}],"twitter_card":"summary_large_image","twitter_misc":{"Est. reading time":"2 minutes"},"schema":{"@context":"https:\/\/schema.org","@graph":[{"@type":"WebPage","@id":"https:\/\/www.pontcysyllte-aqueduct.co.uk\/cy\/contact-us\/","url":"https:\/\/www.pontcysyllte-aqueduct.co.uk\/cy\/contact-us\/","name":"Cysylltu \u00e2 ni - Safle Treftadaeth y Byd Dyfrbont Pontcysyllte a\u2019r Gamlas","isPartOf":{"@id":"https:\/\/www.pontcysyllte-aqueduct.co.uk\/cy\/#website"},"datePublished":"2020-12-11T13:56:26+00:00","dateModified":"2023-09-13T13:19:00+00:00","description":"Contact any of our tourist information centres, or get in touch via email or our contact form, for information on getting the most from your visit.","breadcrumb":{"@id":"https:\/\/www.pontcysyllte-aqueduct.co.uk\/cy\/contact-us\/#breadcrumb"},"inLanguage":"cy-GB","potentialAction":[{"@type":"ReadAction","target":["https:\/\/www.pontcysyllte-aqueduct.co.uk\/cy\/contact-us\/"]}]},{"@type":"BreadcrumbList","@id":"https:\/\/www.pontcysyllte-aqueduct.co.uk\/cy\/contact-us\/#breadcrumb","itemListElement":[{"@type":"ListItem","position":1,"name":"Home","item":"https:\/\/www.pontcysyllte-aqueduct.co.uk\/cy\/"},{"@type":"ListItem","position":2,"name":"Cysylltu \u00e2 ni"}]},{"@type":"WebSite","@id":"https:\/\/www.pontcysyllte-aqueduct.co.uk\/cy\/#website","url":"https:\/\/www.pontcysyllte-aqueduct.co.uk\/cy\/","name":"Safle Treftadaeth y Byd Dyfrbont Pontcysyllte a\u2019r Gamlas","description":"Safle Treftadaeth y Byd Dyfrbont Pontcysyllte a\u2019r Gamlas","potentialAction":[{"@type":"SearchAction","target":{"@type":"EntryPoint","urlTemplate":"https:\/\/www.pontcysyllte-aqueduct.co.uk\/cy\/?s={search_term_string}"},"query-input":"required name=search_term_string"}],"inLanguage":"cy-GB"}]}},"_links":{"self":[{"href":"https:\/\/www.pontcysyllte-aqueduct.co.uk\/cy\/wp-json\/wp\/v2\/pages\/1878"}],"collection":[{"href":"https:\/\/www.pontcysyllte-aqueduct.co.uk\/cy\/wp-json\/wp\/v2\/pages"}],"about":[{"href":"https:\/\/www.pontcysyllte-aqueduct.co.uk\/cy\/wp-json\/wp\/v2\/types\/page"}],"author":[{"embeddable":true,"href":"https:\/\/www.pontcysyllte-aqueduct.co.uk\/cy\/wp-json\/wp\/v2\/users\/1"}],"replies":[{"embeddable":true,"href":"https:\/\/www.pontcysyllte-aqueduct.co.uk\/cy\/wp-json\/wp\/v2\/comments?post=1878"}],"version-history":[{"count":54,"href":"https:\/\/www.pontcysyllte-aqueduct.co.uk\/cy\/wp-json\/wp\/v2\/pages\/1878\/revisions"}],"predecessor-version":[{"id":9795,"href":"https:\/\/www.pontcysyllte-aqueduct.co.uk\/cy\/wp-json\/wp\/v2\/pages\/1878\/revisions\/9795"}],"wp:featuredmedia":[{"embeddable":true,"href":"https:\/\/www.pontcysyllte-aqueduct.co.uk\/cy\/wp-json\/wp\/v2\/media\/1005"}],"wp:attachment":[{"href":"https:\/\/www.pontcysyllte-aqueduct.co.uk\/cy\/wp-json\/wp\/v2\/media?parent=1878"}],"curies":[{"name":"wp","href":"https:\/\/api.w.org\/{rel}","templated":true}]}}