{"id":1872,"date":"2020-11-16T11:32:00","date_gmt":"2020-11-16T11:32:00","guid":{"rendered":"http:\/\/www.pontcysyllte-aqueduct.co.uk\/attractions\/safety-on-the-canal\/"},"modified":"2021-06-30T09:08:26","modified_gmt":"2021-06-30T08:08:26","slug":"safety-on-the-canal","status":"publish","type":"page","link":"https:\/\/www.pontcysyllte-aqueduct.co.uk\/cy\/attractions\/safety-on-the-canal\/","title":{"rendered":"Diogelwch ar y Gamlas"},"content":{"rendered":"<p>[vc_row full_width=&#8221;stretch_row_content_no_spaces&#8221; css=&#8221;.vc_custom_1610969511615{margin-bottom: -100px !important;}&#8221;][vc_column width=&#8221;1\/12&#8243;][\/vc_column][vc_column width=&#8221;5\/6&#8243;][vc_row_inner][vc_column_inner el_class=&#8221;nobanner-heading&#8221; width=&#8221;1\/2&#8243;][vc_custom_heading text=&#8221;Diogelwch ar y Gamlas&#8221; font_container=&#8221;tag:h1|text_align:left&#8221; use_theme_fonts=&#8221;yes&#8221;][\/vc_column_inner][vc_column_inner el_class=&#8221;nobanner-heading&#8221; width=&#8221;1\/2&#8243;][vc_column_text el_class=&#8221;entry-summary&#8221;]<\/p>\n<p style=\"font-size: 1.272em;\">Mae Camlas Llangollen yn lle godidog i ymweld ag ef mewn unrhyw dymor, ac mae sawl ffordd o fwynhau&#8217;r Safle Treftadaeth y Byd hwn, ar y d\u0175r, a ger y d\u0175r hefyd. Fodd bynnag, rydym am i bawb fwynhau\u2019r gamlas, bod yn ddiogel ger y d\u0175r, mwynhau bod allan yn yr awyr iach yng nghanol y bywyd gwyllt, a threulio amser yn ymlacio ar hyd y gamlas.<\/p>\n<p>[\/vc_column_text]<div class=\"ult-spacer spacer-69dec8b76e37c\" data-id=\"69dec8b76e37c\" data-height=\"\" data-height-mobile=\"40\" data-height-tab=\"\" data-height-tab-portrait=\"\" data-height-mobile-landscape=\"40\" style=\"clear:both;display:block;\"><\/div>[\/vc_column_inner][\/vc_row_inner][\/vc_column][vc_column width=&#8221;1\/12&#8243;][\/vc_column][\/vc_row][vc_row full_width=&#8221;stretch_row_content_no_spaces&#8221; css=&#8221;.vc_custom_1607684833123{margin-bottom: 0px !important;padding-bottom: 0px !important;}&#8221;][vc_column css=&#8221;.vc_custom_1607684772815{padding-top: 0px !important;}&#8221;][vc_single_image image=&#8221;801&#8243; img_size=&#8221;full&#8221; alignment=&#8221;center&#8221; css=&#8221;.vc_custom_1607684797326{margin-bottom: 0px !important;}&#8221;][\/vc_column][\/vc_row][vc_row full_width=&#8221;stretch_row_content&#8221; content_placement=&#8221;top&#8221; css=&#8221;.vc_custom_1607686180386{margin-bottom: -100px !important;background-color: #2e2d2a !important;}&#8221;][vc_column width=&#8221;1\/12&#8243;][\/vc_column][vc_column width=&#8221;5\/6&#8243;][vc_row_inner equal_height=&#8221;yes&#8221; el_class=&#8221;safety-boxes&#8221;][vc_column_inner width=&#8221;1\/4&#8243;][vc_custom_heading text=&#8221;Dyfnder&#8221; font_container=&#8221;tag:h2|text_align:left|color:%23ffffff&#8221; use_theme_fonts=&#8221;yes&#8221; el_class=&#8221;alt-entry-title&#8221;][\/vc_column_inner][vc_column_inner width=&#8221;3\/4&#8243;][vc_column_text]<\/p>\n<ul>\n<li>Mae camlesi yn aml yn fas, ond nid yw hynny&#8217;n amlwg wrth edrych arnynt. Os neidiwch i mewn, rydych yn debygol o\u2019ch anafu\u2019ch hun, yn ddifrifol efallai.<\/li>\n<li>Fodd bynnag, peidiwch \u00e2 meddwl bod pob camlas yn fas. Os nad yw\u2019ch traed yn cyrraedd y gwaelod, bydd yn anos o lawer ichi ddod allan. Mae afonydd, cronfeydd d\u0175r a dociau fel arfer yn llawer dyfnach ac oerach.<\/li>\n<\/ul>\n<p>[\/vc_column_text][\/vc_column_inner][\/vc_row_inner][vc_row_inner equal_height=&#8221;yes&#8221; el_class=&#8221;safety-boxes&#8221;][vc_column_inner width=&#8221;1\/4&#8243;][vc_custom_heading text=&#8221;Peryglon cudd&#8221; font_container=&#8221;tag:h2|text_align:left|color:%23ffffff&#8221; use_theme_fonts=&#8221;yes&#8221; el_class=&#8221;alt-entry-title&#8221;][\/vc_column_inner][vc_column_inner width=&#8221;3\/4&#8243;][vc_column_text]<\/p>\n<ul>\n<li>Mae camlesi\u2019n gartref i lawer o fywyd gwyllt, ac mae cynnal a chadw cynefinoedd d\u0175r yn rhan fawr o\u2019n gwaith. Os ydych yn y d\u0175r, gall cyrs a phlanhigion eraill glymu o gwmpas eich breichiau a&#8217;ch coesau, eich dal yn y d\u0175r, a&#8217;i gwneud yn anodd iawn ichi ddringo allan.<\/li>\n<li>Yn anffodus, gall sbwriel fel trol\u00efau siopa fod yn llercian dan wyneb camlesi ac afonydd. Os ydych yn y d\u0175r, gallech eich anafu\u2019ch hun wrth eich torri\u2019ch hun ar hen feic rhydlyd, gwydr wedi torri, neu gallech gael eich dal gan ddarn mwy o sbwriel, fel troli, neu hyd yn oed feic modur.<\/li>\n<\/ul>\n<p>[\/vc_column_text][\/vc_column_inner][\/vc_row_inner][vc_row_inner equal_height=&#8221;yes&#8221; el_class=&#8221;safety-boxes&#8221;][vc_column_inner width=&#8221;1\/4&#8243;][vc_custom_heading text=&#8221;Tymheredd&#8221; font_container=&#8221;tag:h2|text_align:left|color:%23ffffff&#8221; use_theme_fonts=&#8221;yes&#8221; el_class=&#8221;alt-entry-title&#8221;][\/vc_column_inner][vc_column_inner width=&#8221;3\/4&#8243;][vc_column_text]<\/p>\n<ul>\n<li>Hyd yn oed ar ddiwrnod poeth, bydd y d\u0175r yn oerach nag a feddyliwch chi. Yn enwedig yn y gaeaf, gall tymheredd y d\u0175r fod yn rhewllyd, ac os neidiwch chi&#8217;n ddirybudd i dd\u0175r oer, gall y tymheredd isel achosi i&#8217;ch aelodau a&#8217;ch cyhyrau flino&#8217;n sydyn iawn &#8212; gall hyn arwain at foddi.<\/li>\n<\/ul>\n<p>[\/vc_column_text][\/vc_column_inner][\/vc_row_inner][vc_row_inner equal_height=&#8221;yes&#8221; el_class=&#8221;safety-boxes&#8221;][vc_column_inner width=&#8221;1\/4&#8243;][vc_custom_heading text=&#8221;Nofio&#8221; font_container=&#8221;tag:h2|text_align:left|color:%23ffffff&#8221; use_theme_fonts=&#8221;yes&#8221; el_class=&#8221;alt-entry-title&#8221;][\/vc_column_inner][vc_column_inner width=&#8221;3\/4&#8243;][vc_column_text]<\/p>\n<ul>\n<li>Yn ogystal \u00e2\u2019r posibilrwydd fod gwrthrychau cuddiedig yn y d\u0175r, y tymheredd oer, a\u2019r ffaith na wyddoch beth yw dyfnder y d\u0175r, efallai na allai cychod eich gweld yn y d\u0175r, ac ni fyddent yn gwybod y dylent stopio.<\/li>\n<li>Os gwelwch chi rywun mewn trafferth yn y d\u0175r, peidiwch \u00e2 mynd i mewn i\u2019r d\u0175r eich hun. Yn hytrach: galwch y gwasanaethau brys ar 999, daliwch i siarad \u00e2\u2019r unigolyn, ac os yw hynny\u2019n bosibl, cynigiwch gangen neu linyn hir iddynt er mwyn eu helpu i ddod allan o\u2019r d\u0175r.<\/li>\n<\/ul>\n<p>[\/vc_column_text][\/vc_column_inner][\/vc_row_inner][vc_row_inner equal_height=&#8221;yes&#8221; el_class=&#8221;safety-boxes&#8221;][vc_column_inner width=&#8221;1\/4&#8243;][vc_custom_heading text=&#8221;C\u0175n&#8221; font_container=&#8221;tag:h2|text_align:left|color:%23ffffff&#8221; use_theme_fonts=&#8221;yes&#8221; el_class=&#8221;alt-entry-title&#8221;][\/vc_column_inner][vc_column_inner width=&#8221;3\/4&#8243;][vc_column_text]<\/p>\n<ul>\n<li>Cadwch eich ci ar dennyn ar hyd y llwybrau halio rhag iddo neidio i mewn i\u2019r d\u0175r.<\/li>\n<li>Os aiff eich ci i mewn i\u2019r d\u0175r, peidiwch \u00e2 neidio i mewn ar ei \u00f4l: Galwch arno a chodwch ef allan yn ddiogel, neu defnyddiwch gangen hir i\u2019w dywys atoch chi.<\/li>\n<\/ul>\n<p>[\/vc_column_text][\/vc_column_inner][\/vc_row_inner][vc_row_inner equal_height=&#8221;yes&#8221; el_class=&#8221;safety-boxes&#8221;][vc_column_inner width=&#8221;1\/4&#8243;][vc_custom_heading text=&#8221;Afiechydon&#8221; font_container=&#8221;tag:h2|text_align:left|color:%23ffffff&#8221; use_theme_fonts=&#8221;yes&#8221; el_class=&#8221;alt-entry-title&#8221;][\/vc_column_inner][vc_column_inner width=&#8221;3\/4&#8243;][vc_column_text]Er eu bod yn hynod brin, dylid cadw mewn cof fod afiechydon a gludir gan dd\u0175r yn bodoli, a dylid bod yn rhagofalus.<\/p>\n<ul>\n<li>Gorchuddiwch friwiau a sgriffiadau<\/li>\n<li>Os disgynnwch i mewn, ewch am gawod, a thriniwch friwiau \u00e2 diheintydd<\/li>\n<li>Golchwch eich dillad cyn eu gwisgo eto<\/li>\n<li>Os cewch symptomau tebyg i rai\u2019r ffliw, ewch i weld meddyg, a dywedwch eich bod wedi disgyn i\u2019r d\u0175r<\/li>\n<\/ul>\n<p>[\/vc_column_text][\/vc_column_inner][\/vc_row_inner][vc_row_inner equal_height=&#8221;yes&#8221; el_class=&#8221;safety-boxes&#8221;][vc_column_inner width=&#8221;1\/4&#8243;][vc_custom_heading text=&#8221;Cerdded ger y d\u0175r&#8221; font_container=&#8221;tag:h2|text_align:left|color:%23ffffff&#8221; use_theme_fonts=&#8221;yes&#8221; el_class=&#8221;alt-entry-title&#8221;][\/vc_column_inner][vc_column_inner width=&#8221;3\/4&#8243;][vc_column_text]<\/p>\n<ul>\n<li>Cynlluniwch eich llwybr a sicrhewch fod gennych ddigon o olau dydd i\u2019w gwblhau<\/li>\n<li>Mae\u2019n fwy diogel cerdded gyda phobl eraill<\/li>\n<li>Cadwch draw o ymyl y d\u0175r. Gall tywydd gwlyb neu rew wneud yr arwynebau wrth y gamlas yn llithrig, gan gynyddu\u2019r perygl o ddisgyn i mewn, yn enwedig yn y gaeaf<\/li>\n<li>Gwiriwch y tywydd cyn ichi adael<\/li>\n<li>Gwisgwch y dillad cywir, ac efallai y dylech fynd \u00e2 dillad cynnes sb\u00e2r hefyd, rhag ofn y bydd argyfwng<\/li>\n<li>Ewch \u00e2\u2019ch ff\u00f4n, neu chwiban, er mwyn tynnu sylw eraill os bydd argyfwng<\/li>\n<\/ul>\n<p>[\/vc_column_text][\/vc_column_inner][\/vc_row_inner][vc_row_inner equal_height=&#8221;yes&#8221; el_class=&#8221;safety-boxes&#8221;][vc_column_inner width=&#8221;1\/4&#8243;][vc_custom_heading text=&#8221;Rhwyfo\u2019n Safle Treftadaeth y Byd&#8221; font_container=&#8221;tag:h2|text_align:left|color:%23ffffff&#8221; use_theme_fonts=&#8221;yes&#8221; el_class=&#8221;alt-entry-title&#8221;][\/vc_column_inner][vc_column_inner width=&#8221;3\/4&#8243;][vc_column_text]Rhwyfo\u2019n gywir ar hyd 11 milltir o dreftadaeth odidog. Mae camlas Llangollen yn lle gwych i ddechreuwyr, grwpiau a theuluoedd neu unrhyw un sy\u2019n chwilio am fynediad hawdd a hwylus, amodau dibynadwy a llond gwlad o bethau i\u2019w gweld.[\/vc_column_text][vc_btn title=&#8221;TAFLEN RHWYFO&#8217;N GYWIR&#8221; style=&#8221;outline&#8221; shape=&#8221;square&#8221; color=&#8221;white&#8221; link=&#8221;url:%2Fwp-content%2Fuploads%2F2020%2F11%2FLlangollen-Canal-Canoe-Guide-Welsh.pdf|target:_blank&#8221;][\/vc_column_inner][\/vc_row_inner]<div class=\"ult-spacer spacer-69dec8b76e3e2\" data-id=\"69dec8b76e3e2\" data-height=\"100\" data-height-mobile=\"100\" data-height-tab=\"100\" data-height-tab-portrait=\"\" data-height-mobile-landscape=\"\" style=\"clear:both;display:block;\"><\/div>[\/vc_column][vc_column width=&#8221;1\/12&#8243;][\/vc_column][\/vc_row]<\/p>\n","protected":false},"excerpt":{"rendered":"<div class=\"entry-summary\">\nMake sure everyone is safe by being aware of potential hazards\n<\/div>\n<div class=\"link-more-container wp-block-button\"><a href=\"https:\/\/www.pontcysyllte-aqueduct.co.uk\/cy\/attractions\/safety-on-the-canal\/\" class=\"link-more wp-block-button__link\" aria-label=\"Parhau i ddarllen Diogelwch ar y Gamlas\">Parhau i Ddarllen<\/a><\/div>\n","protected":false},"author":2,"featured_media":1005,"parent":1862,"menu_order":0,"comment_status":"closed","ping_status":"closed","template":"templates\/no-intro.php","meta":{"_coblocks_attr":"","_coblocks_dimensions":"","_coblocks_responsive_height":"","_coblocks_accordion_ie_support":""},"yoast_head":"<!-- This site is optimized with the Yoast SEO plugin v20.13 - https:\/\/yoast.com\/wordpress\/plugins\/seo\/ -->\n<title>Diogelwch ar y Gamlas - Safle Treftadaeth y Byd Dyfrbont Pontcysyllte a\u2019r Gamlas<\/title>\n<meta name=\"description\" content=\"It is important to keep safe on and near the water; Here are some tips and information for enjoying your trip on the Llangollen Canal.\" \/>\n<meta name=\"robots\" content=\"index, follow, max-snippet:-1, max-image-preview:large, max-video-preview:-1\" \/>\n<link rel=\"canonical\" href=\"https:\/\/www.pontcysyllte-aqueduct.co.uk\/cy\/attractions\/safety-on-the-canal\/\" \/>\n<meta property=\"og:locale\" content=\"cy_GB\" \/>\n<meta property=\"og:type\" content=\"article\" \/>\n<meta property=\"og:title\" content=\"Diogelwch ar y Gamlas - Safle Treftadaeth y Byd Dyfrbont Pontcysyllte a\u2019r Gamlas\" \/>\n<meta property=\"og:description\" content=\"It is important to keep safe on and near the water; Here are some tips and information for enjoying your trip on the Llangollen Canal.\" \/>\n<meta property=\"og:url\" content=\"https:\/\/www.pontcysyllte-aqueduct.co.uk\/cy\/attractions\/safety-on-the-canal\/\" \/>\n<meta property=\"og:site_name\" content=\"Safle Treftadaeth y Byd Dyfrbont Pontcysyllte a\u2019r Gamlas\" \/>\n<meta property=\"article:modified_time\" content=\"2021-06-30T08:08:26+00:00\" \/>\n<meta property=\"og:image\" content=\"https:\/\/www.pontcysyllte-aqueduct.co.uk\/wp-content\/uploads\/2020\/11\/horse-drawn-boat-llangollen-canal.jpg\" \/>\n\t<meta property=\"og:image:width\" content=\"2000\" \/>\n\t<meta property=\"og:image:height\" content=\"1293\" \/>\n\t<meta property=\"og:image:type\" content=\"image\/jpeg\" \/>\n<meta name=\"twitter:card\" content=\"summary_large_image\" \/>\n<meta name=\"twitter:label1\" content=\"Est. reading time\" \/>\n\t<meta name=\"twitter:data1\" content=\"7 minutes\" \/>\n<script type=\"application\/ld+json\" class=\"yoast-schema-graph\">{\"@context\":\"https:\/\/schema.org\",\"@graph\":[{\"@type\":\"WebPage\",\"@id\":\"https:\/\/www.pontcysyllte-aqueduct.co.uk\/cy\/attractions\/safety-on-the-canal\/\",\"url\":\"https:\/\/www.pontcysyllte-aqueduct.co.uk\/cy\/attractions\/safety-on-the-canal\/\",\"name\":\"Diogelwch ar y Gamlas - Safle Treftadaeth y Byd Dyfrbont Pontcysyllte a\u2019r Gamlas\",\"isPartOf\":{\"@id\":\"https:\/\/www.pontcysyllte-aqueduct.co.uk\/cy\/#website\"},\"datePublished\":\"2020-11-16T11:32:00+00:00\",\"dateModified\":\"2021-06-30T08:08:26+00:00\",\"description\":\"It is important to keep safe on and near the water; Here are some tips and information for enjoying your trip on the Llangollen Canal.\",\"breadcrumb\":{\"@id\":\"https:\/\/www.pontcysyllte-aqueduct.co.uk\/cy\/attractions\/safety-on-the-canal\/#breadcrumb\"},\"inLanguage\":\"cy-GB\",\"potentialAction\":[{\"@type\":\"ReadAction\",\"target\":[\"https:\/\/www.pontcysyllte-aqueduct.co.uk\/cy\/attractions\/safety-on-the-canal\/\"]}]},{\"@type\":\"BreadcrumbList\",\"@id\":\"https:\/\/www.pontcysyllte-aqueduct.co.uk\/cy\/attractions\/safety-on-the-canal\/#breadcrumb\",\"itemListElement\":[{\"@type\":\"ListItem\",\"position\":1,\"name\":\"Home\",\"item\":\"https:\/\/www.pontcysyllte-aqueduct.co.uk\/cy\/\"},{\"@type\":\"ListItem\",\"position\":2,\"name\":\"Atyniadau\",\"item\":\"https:\/\/www.pontcysyllte-aqueduct.co.uk\/cy\/attractions\/\"},{\"@type\":\"ListItem\",\"position\":3,\"name\":\"Diogelwch ar y Gamlas\"}]},{\"@type\":\"WebSite\",\"@id\":\"https:\/\/www.pontcysyllte-aqueduct.co.uk\/cy\/#website\",\"url\":\"https:\/\/www.pontcysyllte-aqueduct.co.uk\/cy\/\",\"name\":\"Safle Treftadaeth y Byd Dyfrbont Pontcysyllte a\u2019r Gamlas\",\"description\":\"Safle Treftadaeth y Byd Dyfrbont Pontcysyllte a\u2019r Gamlas\",\"potentialAction\":[{\"@type\":\"SearchAction\",\"target\":{\"@type\":\"EntryPoint\",\"urlTemplate\":\"https:\/\/www.pontcysyllte-aqueduct.co.uk\/cy\/?s={search_term_string}\"},\"query-input\":\"required name=search_term_string\"}],\"inLanguage\":\"cy-GB\"}]}<\/script>\n<!-- \/ Yoast SEO plugin. -->","yoast_head_json":{"title":"Diogelwch ar y Gamlas - Safle Treftadaeth y Byd Dyfrbont Pontcysyllte a\u2019r Gamlas","description":"It is important to keep safe on and near the water; Here are some tips and information for enjoying your trip on the Llangollen Canal.","robots":{"index":"index","follow":"follow","max-snippet":"max-snippet:-1","max-image-preview":"max-image-preview:large","max-video-preview":"max-video-preview:-1"},"canonical":"https:\/\/www.pontcysyllte-aqueduct.co.uk\/cy\/attractions\/safety-on-the-canal\/","og_locale":"cy_GB","og_type":"article","og_title":"Diogelwch ar y Gamlas - Safle Treftadaeth y Byd Dyfrbont Pontcysyllte a\u2019r Gamlas","og_description":"It is important to keep safe on and near the water; Here are some tips and information for enjoying your trip on the Llangollen Canal.","og_url":"https:\/\/www.pontcysyllte-aqueduct.co.uk\/cy\/attractions\/safety-on-the-canal\/","og_site_name":"Safle Treftadaeth y Byd Dyfrbont Pontcysyllte a\u2019r Gamlas","article_modified_time":"2021-06-30T08:08:26+00:00","og_image":[{"width":2000,"height":1293,"url":"https:\/\/www.pontcysyllte-aqueduct.co.uk\/wp-content\/uploads\/2020\/11\/horse-drawn-boat-llangollen-canal.jpg","type":"image\/jpeg"}],"twitter_card":"summary_large_image","twitter_misc":{"Est. reading time":"7 minutes"},"schema":{"@context":"https:\/\/schema.org","@graph":[{"@type":"WebPage","@id":"https:\/\/www.pontcysyllte-aqueduct.co.uk\/cy\/attractions\/safety-on-the-canal\/","url":"https:\/\/www.pontcysyllte-aqueduct.co.uk\/cy\/attractions\/safety-on-the-canal\/","name":"Diogelwch ar y Gamlas - Safle Treftadaeth y Byd Dyfrbont Pontcysyllte a\u2019r Gamlas","isPartOf":{"@id":"https:\/\/www.pontcysyllte-aqueduct.co.uk\/cy\/#website"},"datePublished":"2020-11-16T11:32:00+00:00","dateModified":"2021-06-30T08:08:26+00:00","description":"It is important to keep safe on and near the water; Here are some tips and information for enjoying your trip on the Llangollen Canal.","breadcrumb":{"@id":"https:\/\/www.pontcysyllte-aqueduct.co.uk\/cy\/attractions\/safety-on-the-canal\/#breadcrumb"},"inLanguage":"cy-GB","potentialAction":[{"@type":"ReadAction","target":["https:\/\/www.pontcysyllte-aqueduct.co.uk\/cy\/attractions\/safety-on-the-canal\/"]}]},{"@type":"BreadcrumbList","@id":"https:\/\/www.pontcysyllte-aqueduct.co.uk\/cy\/attractions\/safety-on-the-canal\/#breadcrumb","itemListElement":[{"@type":"ListItem","position":1,"name":"Home","item":"https:\/\/www.pontcysyllte-aqueduct.co.uk\/cy\/"},{"@type":"ListItem","position":2,"name":"Atyniadau","item":"https:\/\/www.pontcysyllte-aqueduct.co.uk\/cy\/attractions\/"},{"@type":"ListItem","position":3,"name":"Diogelwch ar y Gamlas"}]},{"@type":"WebSite","@id":"https:\/\/www.pontcysyllte-aqueduct.co.uk\/cy\/#website","url":"https:\/\/www.pontcysyllte-aqueduct.co.uk\/cy\/","name":"Safle Treftadaeth y Byd Dyfrbont Pontcysyllte a\u2019r Gamlas","description":"Safle Treftadaeth y Byd Dyfrbont Pontcysyllte a\u2019r Gamlas","potentialAction":[{"@type":"SearchAction","target":{"@type":"EntryPoint","urlTemplate":"https:\/\/www.pontcysyllte-aqueduct.co.uk\/cy\/?s={search_term_string}"},"query-input":"required name=search_term_string"}],"inLanguage":"cy-GB"}]}},"_links":{"self":[{"href":"https:\/\/www.pontcysyllte-aqueduct.co.uk\/cy\/wp-json\/wp\/v2\/pages\/1872"}],"collection":[{"href":"https:\/\/www.pontcysyllte-aqueduct.co.uk\/cy\/wp-json\/wp\/v2\/pages"}],"about":[{"href":"https:\/\/www.pontcysyllte-aqueduct.co.uk\/cy\/wp-json\/wp\/v2\/types\/page"}],"author":[{"embeddable":true,"href":"https:\/\/www.pontcysyllte-aqueduct.co.uk\/cy\/wp-json\/wp\/v2\/users\/2"}],"replies":[{"embeddable":true,"href":"https:\/\/www.pontcysyllte-aqueduct.co.uk\/cy\/wp-json\/wp\/v2\/comments?post=1872"}],"version-history":[{"count":32,"href":"https:\/\/www.pontcysyllte-aqueduct.co.uk\/cy\/wp-json\/wp\/v2\/pages\/1872\/revisions"}],"predecessor-version":[{"id":3003,"href":"https:\/\/www.pontcysyllte-aqueduct.co.uk\/cy\/wp-json\/wp\/v2\/pages\/1872\/revisions\/3003"}],"up":[{"embeddable":true,"href":"https:\/\/www.pontcysyllte-aqueduct.co.uk\/cy\/wp-json\/wp\/v2\/pages\/1862"}],"wp:featuredmedia":[{"embeddable":true,"href":"https:\/\/www.pontcysyllte-aqueduct.co.uk\/cy\/wp-json\/wp\/v2\/media\/1005"}],"wp:attachment":[{"href":"https:\/\/www.pontcysyllte-aqueduct.co.uk\/cy\/wp-json\/wp\/v2\/media?parent=1872"}],"curies":[{"name":"wp","href":"https:\/\/api.w.org\/{rel}","templated":true}]}}